{"id":1689,"date":"2025-12-09T06:53:46","date_gmt":"2025-12-09T05:53:46","guid":{"rendered":"https:\/\/mafal.eu\/product\/bottas\/"},"modified":"2025-12-09T09:41:11","modified_gmt":"2025-12-09T08:41:11","slug":"bottas","status":"publish","type":"product","link":"https:\/\/mafal.eu\/at\/produkt\/bottas\/","title":{"rendered":"BOTTAS"},"content":{"rendered":"\n<p><strong>BOTTAS<\/strong> ist ein Gartenpavillon mit einer soliden Konstruktion und einer durchdachten Ausf\u00fchrung.<\/p>\n\n\n\n<h3 class=\"wp-block-heading\"><strong>Hauptmerkmale<\/strong><\/h3>\n\n\n\n<ul class=\"wp-block-list\">\n<li><strong>Konstruktion aus 0,5 mm starkem Metallblech<\/strong> \u2014 sorgt f\u00fcr Langlebigkeit, Stabilit\u00e4t und Witterungsbest\u00e4ndigkeit.<\/li>\n\n\n\n<li><strong>Wandma\u00dfe: 500 \u00d7 400 cm; H\u00f6he vorne\/hinten: 240 cm \/ 220 cm<\/strong> \u2014 bietet eine komfortable und gro\u00dfz\u00fcgige Innenfl\u00e4che.<\/li>\n\n\n\n<li><strong>Farbgebung: RAL 8019 \u201eSchokoladenbraun\u201c<\/strong><\/li>\n\n\n\n<li><strong>Ausstattung: Boden<\/strong>, der den Nutzungskomfort erh\u00f6ht \u2014 z. B. als Entspannungsbereich oder Stauraum.<\/li>\n\n\n\n<li><strong>Mit Regenrinne ausgestattet<\/strong> \u2014 erleichtert die Ableitung von Regenwasser.<\/li>\n\n\n\n<li><strong>T\u00fcren: 300 \u00d7 212 cm oder 200 \u00d7 212 cm<\/strong> \u2014 erm\u00f6glichen einen bequemen und breiten Zugang.<\/li>\n<\/ul>\n\n\n\n<h3 class=\"wp-block-heading\"><strong>Vorteile und Einsatzm\u00f6glichkeiten<\/strong><\/h3>\n\n\n\n<ul class=\"wp-block-list\">\n<li>Dank seiner Metallkonstruktion verbindet <strong>BOTTAS modernes Design mit hoher Widerstandsf\u00e4higkeit<\/strong> \u2014 eine attraktive Alternative zu Holzpavillons. Im Gegensatz zu leichten Pavillons ohne Boden bietet er einen stabileren und dauerhaft nutzbaren Raum.<\/li>\n\n\n\n<li>Die gro\u00dfz\u00fcgige Fl\u00e4che und der stabile Boden erm\u00f6glichen die Nutzung als <strong>Entspannungsbereich, Gartenpavillon, Treffpunkt<\/strong> oder \u2014 wenn gew\u00fcnscht \u2014 als praktischer Raum zur <strong>Aufbewahrung von Gartenwerkzeugen oder Ger\u00e4ten<\/strong>.<\/li>\n\n\n\n<li>Der <strong>schokoladenbraune Farbton<\/strong> f\u00fcgt sich harmonisch in die Gartenumgebung ein und verleiht dem Raum einen eleganten, dezenten Charakter.<\/li>\n<\/ul>\n","protected":false},"excerpt":{"rendered":"<p>BOTTAS ist ein Gartenpavillon mit einer soliden Konstruktion und einer durchdachten Ausf\u00fchrung. Hauptmerkmale Vorteile und Einsatzm\u00f6glichkeiten<\/p>\n","protected":false},"featured_media":1642,"template":"","meta":[],"product_brand":[],"product_cat":[36],"product_tag":[],"class_list":{"0":"post-1689","1":"product","2":"type-product","3":"status-publish","4":"has-post-thumbnail","6":"product_cat-bez-kategorii","8":"first","9":"onbackorder","10":"sold-individually","11":"taxable","12":"shipping-taxable","13":"product-type-simple"},"_links":{"self":[{"href":"https:\/\/mafal.eu\/at\/wp-json\/wp\/v2\/product\/1689","targetHints":{"allow":["GET"]}}],"collection":[{"href":"https:\/\/mafal.eu\/at\/wp-json\/wp\/v2\/product"}],"about":[{"href":"https:\/\/mafal.eu\/at\/wp-json\/wp\/v2\/types\/product"}],"wp:featuredmedia":[{"embeddable":true,"href":"https:\/\/mafal.eu\/at\/wp-json\/wp\/v2\/media\/1642"}],"wp:attachment":[{"href":"https:\/\/mafal.eu\/at\/wp-json\/wp\/v2\/media?parent=1689"}],"wp:term":[{"taxonomy":"product_brand","embeddable":true,"href":"https:\/\/mafal.eu\/at\/wp-json\/wp\/v2\/product_brand?post=1689"},{"taxonomy":"product_cat","embeddable":true,"href":"https:\/\/mafal.eu\/at\/wp-json\/wp\/v2\/product_cat?post=1689"},{"taxonomy":"product_tag","embeddable":true,"href":"https:\/\/mafal.eu\/at\/wp-json\/wp\/v2\/product_tag?post=1689"}],"curies":[{"name":"wp","href":"https:\/\/api.w.org\/{rel}","templated":true}]}}