{"id":901,"date":"2025-07-30T11:20:18","date_gmt":"2025-07-30T09:20:18","guid":{"rendered":"https:\/\/mafal.eu\/angebot\/"},"modified":"2025-11-24T12:17:12","modified_gmt":"2025-11-24T11:17:12","slug":"angebot","status":"publish","type":"page","link":"https:\/\/mafal.eu\/ch\/angebot\/","title":{"rendered":"Angebot"},"content":{"rendered":"\n<section class=\"hero wp-block-uniquedevs-hero-block\">\n    <div class=\"hero__wrapper\">\n        <div class=\"hero__wrapper-top\">\n            <div class=\"hero__wrapper-top-left\">\n                <h2 class=\"hero__wrapper-top-left-title\">Metallkonstruktionen f\u00fcr <mark class=\"has-inline-color has-blue-color\">Ihren<\/mark> Garten<\/h2>\n                <div class=\"hero__wrapper-top-left-description\">\n                    MAFAL ist eine Neuheit im Portfolio von BHB Bertsch Holzbau \u2028\u2013 entwickelt f\u00fcr alle, die solide, moderne und <strong>vollst\u00e4ndig personalisierte Metallkonstruktionen suchen:<\/strong> von Ger\u00e4teschuppen \u00fcber \u00dcberdachungen bis hin zu praktischem Gartenzubeh\u00f6r.                <\/div>\n            <\/div>\n            <div class=\"hero__wrapper-top-right\">\n                <div class=\"hero__wrapper-top-right-image\">\n                                            <img decoding=\"async\" src=\"https:\/\/mafal.eu\/wp-content\/uploads\/2025\/07\/hero.webp\" alt=\"\" \/>\n                                    <\/div>\n            <\/div>\n        <\/div>\n        <div class=\"hero__wrapper-bottom\">\n            <div class=\"hero__wrapper-bottom-marque\">\n                <div>Innovation \u2022 Langlebigkeit \u2022 \u00c4sthetik \u2022 Innovation \u2022 Langlebigkeit \u2022 \u00c4sthetik<\/div><div>Innovation \u2022 Langlebigkeit \u2022 \u00c4sthetik \u2022 Innovation \u2022 Langlebigkeit \u2022 \u00c4sthetik<\/div>\n            <\/div>\n        <\/div>\n    <\/div>\n<\/section>\n\n\n\n<section class=\"products-module listing wp-block-uniquedevs-products-module\">\n    <div class=\"products-module__wrapper\">\n                            <div class=\"products-module__wrapper-categories\">\n                                    <div class=\"products-module__wrapper-categories-title\">\n                        Filter                    <\/div>\n                                <div class=\"products-module__wrapper-categories-items\">\n                                            <div class=\"products-module__wrapper-categories-items-item see-all active\">\n                            <a href=\"?pm_cat=\">\n                                Alle Produkte                            <\/a>\n                        <\/div>\n                                                                                                                        <div class=\"products-module__wrapper-categories-items-item\">\n                                <a href=\"https:\/\/mafal.eu\/ch\/angebot\/?pm_cat=carports-ch\"\n                                    data-pm-cat=\"carports-ch\">\n                                    Carports                                <\/a>\n                            <\/div>\n                                                                                <div class=\"products-module__wrapper-categories-items-item\">\n                                <a href=\"https:\/\/mafal.eu\/ch\/angebot\/?pm_cat=gartenaccessoires-ch\"\n                                    data-pm-cat=\"gartenaccessoires-ch\">\n                                    Gartenaccessoires                                <\/a>\n                            <\/div>\n                                                                                <div class=\"products-module__wrapper-categories-items-item\">\n                                <a href=\"https:\/\/mafal.eu\/ch\/angebot\/?pm_cat=gartenhaeuser-ch\"\n                                    data-pm-cat=\"gartenhaeuser-ch\">\n                                    Gartenh\u00e4user                                <\/a>\n                            <\/div>\n                                                            <\/div>\n            <\/div>\n                <div class=\"products-module__wrapper-items\">\n                            <a href=\"https:\/\/mafal.eu\/ch\/produkt\/norris\/\" class=\"products-module__wrapper-items-item\">\n                    <div class=\"products-module__wrapper-items-item-image\">\n                        <img loading=\"lazy\" decoding=\"async\" width=\"511\" height=\"446\" src=\"https:\/\/mafal.eu\/wp-content\/uploads\/2025\/12\/IMG_4786-511x446.webp\" class=\"attachment-custom-size size-custom-size wp-post-image\" alt=\"\" \/>                    <\/div>\n                    <div class=\"products-module__wrapper-items-item-text\">\n                        <div class=\"products-module__wrapper-items-item-text-title\">\n                            NORRIS                        <\/div>\n                        <div class=\"products-module__wrapper-items-item-text-icon\">\n                            <svg xmlns=\"http:\/\/www.w3.org\/2000\/svg\" width=\"30\" height=\"24\" viewBox=\"0 0 30 24\" fill=\"none\">\n                                <path d=\"M17.4215 5L25.8764 12M25.8764 12L17.4215 19M25.8764 12L4.13525 12\" stroke=\"#060D11\" stroke-width=\"2\" stroke-linecap=\"round\" stroke-linejoin=\"round\" \/>\n                            <\/svg>\n                        <\/div>\n                    <\/div>\n                <\/a>\n                            <a href=\"https:\/\/mafal.eu\/ch\/produkt\/bottas\/\" class=\"products-module__wrapper-items-item\">\n                    <div class=\"products-module__wrapper-items-item-image\">\n                        <img loading=\"lazy\" decoding=\"async\" width=\"511\" height=\"446\" src=\"https:\/\/mafal.eu\/wp-content\/uploads\/2025\/12\/BE-Pergola-Szklana-Prawa-Otwarta-HQ-511x446.webp\" class=\"attachment-custom-size size-custom-size wp-post-image\" alt=\"\" \/>                    <\/div>\n                    <div class=\"products-module__wrapper-items-item-text\">\n                        <div class=\"products-module__wrapper-items-item-text-title\">\n                            BOTTAS                        <\/div>\n                        <div class=\"products-module__wrapper-items-item-text-icon\">\n                            <svg xmlns=\"http:\/\/www.w3.org\/2000\/svg\" width=\"30\" height=\"24\" viewBox=\"0 0 30 24\" fill=\"none\">\n                                <path d=\"M17.4215 5L25.8764 12M25.8764 12L17.4215 19M25.8764 12L4.13525 12\" stroke=\"#060D11\" stroke-width=\"2\" stroke-linecap=\"round\" stroke-linejoin=\"round\" \/>\n                            <\/svg>\n                        <\/div>\n                    <\/div>\n                <\/a>\n                            <a href=\"https:\/\/mafal.eu\/ch\/produkt\/vettel\/\" class=\"products-module__wrapper-items-item\">\n                    <div class=\"products-module__wrapper-items-item-image\">\n                        <img loading=\"lazy\" decoding=\"async\" width=\"511\" height=\"446\" src=\"https:\/\/mafal.eu\/wp-content\/uploads\/2025\/08\/VETTEL_MAFAL_4-511x446.webp\" class=\"attachment-custom-size size-custom-size wp-post-image\" alt=\"\" \/>                    <\/div>\n                    <div class=\"products-module__wrapper-items-item-text\">\n                        <div class=\"products-module__wrapper-items-item-text-title\">\n                            VETTEL                        <\/div>\n                        <div class=\"products-module__wrapper-items-item-text-icon\">\n                            <svg xmlns=\"http:\/\/www.w3.org\/2000\/svg\" width=\"30\" height=\"24\" viewBox=\"0 0 30 24\" fill=\"none\">\n                                <path d=\"M17.4215 5L25.8764 12M25.8764 12L17.4215 19M25.8764 12L4.13525 12\" stroke=\"#060D11\" stroke-width=\"2\" stroke-linecap=\"round\" stroke-linejoin=\"round\" \/>\n                            <\/svg>\n                        <\/div>\n                    <\/div>\n                <\/a>\n                            <a href=\"https:\/\/mafal.eu\/ch\/produkt\/senna\/\" class=\"products-module__wrapper-items-item\">\n                    <div class=\"products-module__wrapper-items-item-image\">\n                        <img loading=\"lazy\" decoding=\"async\" width=\"511\" height=\"446\" src=\"https:\/\/mafal.eu\/wp-content\/uploads\/2025\/08\/SENNA_MAFAL_1-511x446.webp\" class=\"attachment-custom-size size-custom-size wp-post-image\" alt=\"\" \/>                    <\/div>\n                    <div class=\"products-module__wrapper-items-item-text\">\n                        <div class=\"products-module__wrapper-items-item-text-title\">\n                            SENNA                        <\/div>\n                        <div class=\"products-module__wrapper-items-item-text-icon\">\n                            <svg xmlns=\"http:\/\/www.w3.org\/2000\/svg\" width=\"30\" height=\"24\" viewBox=\"0 0 30 24\" fill=\"none\">\n                                <path d=\"M17.4215 5L25.8764 12M25.8764 12L17.4215 19M25.8764 12L4.13525 12\" stroke=\"#060D11\" stroke-width=\"2\" stroke-linecap=\"round\" stroke-linejoin=\"round\" \/>\n                            <\/svg>\n                        <\/div>\n                    <\/div>\n                <\/a>\n                            <a href=\"https:\/\/mafal.eu\/ch\/produkt\/schumacher\/\" class=\"products-module__wrapper-items-item\">\n                    <div class=\"products-module__wrapper-items-item-image\">\n                        <img loading=\"lazy\" decoding=\"async\" width=\"511\" height=\"446\" src=\"https:\/\/mafal.eu\/wp-content\/uploads\/2025\/08\/SCHUMACHER_MAFAL_1-511x446.webp\" class=\"attachment-custom-size size-custom-size wp-post-image\" alt=\"\" \/>                    <\/div>\n                    <div class=\"products-module__wrapper-items-item-text\">\n                        <div class=\"products-module__wrapper-items-item-text-title\">\n                            SCHUMACHER                        <\/div>\n                        <div class=\"products-module__wrapper-items-item-text-icon\">\n                            <svg xmlns=\"http:\/\/www.w3.org\/2000\/svg\" width=\"30\" height=\"24\" viewBox=\"0 0 30 24\" fill=\"none\">\n                                <path d=\"M17.4215 5L25.8764 12M25.8764 12L17.4215 19M25.8764 12L4.13525 12\" stroke=\"#060D11\" stroke-width=\"2\" stroke-linecap=\"round\" stroke-linejoin=\"round\" \/>\n                            <\/svg>\n                        <\/div>\n                    <\/div>\n                <\/a>\n                            <a href=\"https:\/\/mafal.eu\/ch\/produkt\/rossi\/\" class=\"products-module__wrapper-items-item\">\n                    <div class=\"products-module__wrapper-items-item-image\">\n                        <img loading=\"lazy\" decoding=\"async\" width=\"511\" height=\"446\" src=\"https:\/\/mafal.eu\/wp-content\/uploads\/2025\/08\/ROSSI_MAFAL_1-511x446.webp\" class=\"attachment-custom-size size-custom-size wp-post-image\" alt=\"\" \/>                    <\/div>\n                    <div class=\"products-module__wrapper-items-item-text\">\n                        <div class=\"products-module__wrapper-items-item-text-title\">\n                            ROSSI                        <\/div>\n                        <div class=\"products-module__wrapper-items-item-text-icon\">\n                            <svg xmlns=\"http:\/\/www.w3.org\/2000\/svg\" width=\"30\" height=\"24\" viewBox=\"0 0 30 24\" fill=\"none\">\n                                <path d=\"M17.4215 5L25.8764 12M25.8764 12L17.4215 19M25.8764 12L4.13525 12\" stroke=\"#060D11\" stroke-width=\"2\" stroke-linecap=\"round\" stroke-linejoin=\"round\" \/>\n                            <\/svg>\n                        <\/div>\n                    <\/div>\n                <\/a>\n                            <a href=\"https:\/\/mafal.eu\/ch\/produkt\/rosberg\/\" class=\"products-module__wrapper-items-item\">\n                    <div class=\"products-module__wrapper-items-item-image\">\n                        <img loading=\"lazy\" decoding=\"async\" width=\"511\" height=\"446\" src=\"https:\/\/mafal.eu\/wp-content\/uploads\/2025\/08\/ROSBERG_MAFAL-511x446.webp\" class=\"attachment-custom-size size-custom-size wp-post-image\" alt=\"\" \/>                    <\/div>\n                    <div class=\"products-module__wrapper-items-item-text\">\n                        <div class=\"products-module__wrapper-items-item-text-title\">\n                            ROSBERG                        <\/div>\n                        <div class=\"products-module__wrapper-items-item-text-icon\">\n                            <svg xmlns=\"http:\/\/www.w3.org\/2000\/svg\" width=\"30\" height=\"24\" viewBox=\"0 0 30 24\" fill=\"none\">\n                                <path d=\"M17.4215 5L25.8764 12M25.8764 12L17.4215 19M25.8764 12L4.13525 12\" stroke=\"#060D11\" stroke-width=\"2\" stroke-linecap=\"round\" stroke-linejoin=\"round\" \/>\n                            <\/svg>\n                        <\/div>\n                    <\/div>\n                <\/a>\n                            <a href=\"https:\/\/mafal.eu\/ch\/produkt\/prost\/\" class=\"products-module__wrapper-items-item\">\n                    <div class=\"products-module__wrapper-items-item-image\">\n                        <img loading=\"lazy\" decoding=\"async\" width=\"511\" height=\"446\" src=\"https:\/\/mafal.eu\/wp-content\/uploads\/2025\/08\/PROST_MAFAL_1-511x446.webp\" class=\"attachment-custom-size size-custom-size wp-post-image\" alt=\"\" \/>                    <\/div>\n                    <div class=\"products-module__wrapper-items-item-text\">\n                        <div class=\"products-module__wrapper-items-item-text-title\">\n                            PROST                        <\/div>\n                        <div class=\"products-module__wrapper-items-item-text-icon\">\n                            <svg xmlns=\"http:\/\/www.w3.org\/2000\/svg\" width=\"30\" height=\"24\" viewBox=\"0 0 30 24\" fill=\"none\">\n                                <path d=\"M17.4215 5L25.8764 12M25.8764 12L17.4215 19M25.8764 12L4.13525 12\" stroke=\"#060D11\" stroke-width=\"2\" stroke-linecap=\"round\" stroke-linejoin=\"round\" \/>\n                            <\/svg>\n                        <\/div>\n                    <\/div>\n                <\/a>\n                            <a href=\"https:\/\/mafal.eu\/ch\/produkt\/pedrosa\/\" class=\"products-module__wrapper-items-item\">\n                    <div class=\"products-module__wrapper-items-item-image\">\n                        <img loading=\"lazy\" decoding=\"async\" width=\"511\" height=\"446\" src=\"https:\/\/mafal.eu\/wp-content\/uploads\/2025\/08\/PEDROSA_MAFAL_1-511x446.webp\" class=\"attachment-custom-size size-custom-size wp-post-image\" alt=\"\" \/>                    <\/div>\n                    <div class=\"products-module__wrapper-items-item-text\">\n                        <div class=\"products-module__wrapper-items-item-text-title\">\n                            PEDROSA                        <\/div>\n                        <div class=\"products-module__wrapper-items-item-text-icon\">\n                            <svg xmlns=\"http:\/\/www.w3.org\/2000\/svg\" width=\"30\" height=\"24\" viewBox=\"0 0 30 24\" fill=\"none\">\n                                <path d=\"M17.4215 5L25.8764 12M25.8764 12L17.4215 19M25.8764 12L4.13525 12\" stroke=\"#060D11\" stroke-width=\"2\" stroke-linecap=\"round\" stroke-linejoin=\"round\" \/>\n                            <\/svg>\n                        <\/div>\n                    <\/div>\n                <\/a>\n                            <a href=\"https:\/\/mafal.eu\/ch\/produkt\/marquez\/\" class=\"products-module__wrapper-items-item\">\n                    <div class=\"products-module__wrapper-items-item-image\">\n                        <img loading=\"lazy\" decoding=\"async\" width=\"511\" height=\"446\" src=\"https:\/\/mafal.eu\/wp-content\/uploads\/2025\/08\/MARQUEZ_MAFAL_1-511x446.webp\" class=\"attachment-custom-size size-custom-size wp-post-image\" alt=\"\" \/>                    <\/div>\n                    <div class=\"products-module__wrapper-items-item-text\">\n                        <div class=\"products-module__wrapper-items-item-text-title\">\n                            MARQUEZ                        <\/div>\n                        <div class=\"products-module__wrapper-items-item-text-icon\">\n                            <svg xmlns=\"http:\/\/www.w3.org\/2000\/svg\" width=\"30\" height=\"24\" viewBox=\"0 0 30 24\" fill=\"none\">\n                                <path d=\"M17.4215 5L25.8764 12M25.8764 12L17.4215 19M25.8764 12L4.13525 12\" stroke=\"#060D11\" stroke-width=\"2\" stroke-linecap=\"round\" stroke-linejoin=\"round\" \/>\n                            <\/svg>\n                        <\/div>\n                    <\/div>\n                <\/a>\n                            <a href=\"https:\/\/mafal.eu\/ch\/produkt\/mansel\/\" class=\"products-module__wrapper-items-item\">\n                    <div class=\"products-module__wrapper-items-item-image\">\n                        <img loading=\"lazy\" decoding=\"async\" width=\"511\" height=\"446\" src=\"https:\/\/mafal.eu\/wp-content\/uploads\/2025\/08\/MANSEL_MAFAL_1-511x446.webp\" class=\"attachment-custom-size size-custom-size wp-post-image\" alt=\"\" \/>                    <\/div>\n                    <div class=\"products-module__wrapper-items-item-text\">\n                        <div class=\"products-module__wrapper-items-item-text-title\">\n                            MANSEL                        <\/div>\n                        <div class=\"products-module__wrapper-items-item-text-icon\">\n                            <svg xmlns=\"http:\/\/www.w3.org\/2000\/svg\" width=\"30\" height=\"24\" viewBox=\"0 0 30 24\" fill=\"none\">\n                                <path d=\"M17.4215 5L25.8764 12M25.8764 12L17.4215 19M25.8764 12L4.13525 12\" stroke=\"#060D11\" stroke-width=\"2\" stroke-linecap=\"round\" stroke-linejoin=\"round\" \/>\n                            <\/svg>\n                        <\/div>\n                    <\/div>\n                <\/a>\n                            <a href=\"https:\/\/mafal.eu\/ch\/produkt\/kubica\/\" class=\"products-module__wrapper-items-item\">\n                    <div class=\"products-module__wrapper-items-item-image\">\n                        <img loading=\"lazy\" decoding=\"async\" width=\"511\" height=\"446\" src=\"https:\/\/mafal.eu\/wp-content\/uploads\/2025\/08\/KUBICA_MAFAL_1-511x446.webp\" class=\"attachment-custom-size size-custom-size wp-post-image\" alt=\"\" \/>                    <\/div>\n                    <div class=\"products-module__wrapper-items-item-text\">\n                        <div class=\"products-module__wrapper-items-item-text-title\">\n                            KUBICA                        <\/div>\n                        <div class=\"products-module__wrapper-items-item-text-icon\">\n                            <svg xmlns=\"http:\/\/www.w3.org\/2000\/svg\" width=\"30\" height=\"24\" viewBox=\"0 0 30 24\" fill=\"none\">\n                                <path d=\"M17.4215 5L25.8764 12M25.8764 12L17.4215 19M25.8764 12L4.13525 12\" stroke=\"#060D11\" stroke-width=\"2\" stroke-linecap=\"round\" stroke-linejoin=\"round\" \/>\n                            <\/svg>\n                        <\/div>\n                    <\/div>\n                <\/a>\n                    <\/div>\n\n                                                <nav class=\"products-module__pagination\">\n                    <ul>\n                                                    <li><span aria-current=\"page\" class=\"page-numbers current\">1<\/span><\/li>\n                                                    <li><a class=\"page-numbers\" href=\"https:\/\/mafal.eu\/ch\/wp-json\/wp\/v2\/pages\/901\/page\/2\/\">2<\/a><\/li>\n                                                    <li><a class=\"next page-numbers\" href=\"https:\/\/mafal.eu\/ch\/wp-json\/wp\/v2\/pages\/901\/page\/2\/\"><\/a><\/li>\n                                            <\/ul>\n                <\/nav>\n                                <\/div>\n<\/section>\n\n\n<section class=\"configurator mb-0 wp-block-uniquedevs-configurator\">\n    <div class=\"configurator__wrapper\">\n        <div class=\"configurator__wrapper-marque\">\n                                <\/div>\n        <div class=\"configurator__wrapper-content\">\n            <div class=\"configurator__wrapper-content-wrapper\">\n                <div class=\"configurator__wrapper-content-wrapper-text\">\n                                            <h2 class=\"configurator__wrapper-content-wrapper-text-title\">\n                            Konfigurieren<br><mark style=\"background-color:rgba(0, 0, 0, 0);color:#ffffff\" class=\"has-inline-color\">Ihr Produkt<\/mark>                        <\/h2>\n                    \n                                            <div class=\"configurator__wrapper-content-wrapper-text-description\">\n                            Intuitiver, schneller und komfortabler Konfigurator, der speziell f\u00fcr den individuellen Kunden entwickelt wurde.                        <\/div>\n                    \n                                            <div class=\"configurator__wrapper-content-wrapper-text-list\">\n                            <ul>\n                                                                    <li>W\u00e4hlen Sie ein Modell \u2013 Gartenhaus, \u00dcberdachung, Zubeh\u00f6r.<\/li>\n                                                                    <li>Passen Sie die Parameter an \u2013 Ma\u00dfe, Farbe, Art der Ausf\u00fchrung.<\/li>\n                                                                    <li>Erhalten Sie eine 3D-Visualisierung und einen Kostenvoranschlag \u2013 in Echtzeit!<\/li>\n                                                                    <li>Anfrage stellen \u2013 Projekt automatisch an Berater senden.<\/li>\n                                                            <\/ul>\n                        <\/div>\n                    \n                                            <a href=\"https:\/\/mafal.visualconfig.com\/\" class=\"configurator__wrapper-content-wrapper-text-button\">\n                            Zum Konfigurator                        <\/a>\n                                    <\/div>\n\n                <div class=\"configurator__wrapper-content-wrapper-image\">\n                                            <img decoding=\"async\" src=\"https:\/\/mafal.eu\/wp-content\/uploads\/2025\/08\/zuluna-mock-1.webp\" alt=\"\" \/>\n                                    <\/div>\n            <\/div>\n        <\/div>\n    <\/div>\n<\/section>\n","protected":false},"excerpt":{"rendered":"","protected":false},"author":1,"featured_media":0,"parent":0,"menu_order":0,"comment_status":"closed","ping_status":"closed","template":"","meta":{"footnotes":""},"class_list":["post-901","page","type-page","status-publish","hentry"],"_links":{"self":[{"href":"https:\/\/mafal.eu\/ch\/wp-json\/wp\/v2\/pages\/901","targetHints":{"allow":["GET"]}}],"collection":[{"href":"https:\/\/mafal.eu\/ch\/wp-json\/wp\/v2\/pages"}],"about":[{"href":"https:\/\/mafal.eu\/ch\/wp-json\/wp\/v2\/types\/page"}],"author":[{"embeddable":true,"href":"https:\/\/mafal.eu\/ch\/wp-json\/wp\/v2\/users\/1"}],"replies":[{"embeddable":true,"href":"https:\/\/mafal.eu\/ch\/wp-json\/wp\/v2\/comments?post=901"}],"version-history":[{"count":3,"href":"https:\/\/mafal.eu\/ch\/wp-json\/wp\/v2\/pages\/901\/revisions"}],"predecessor-version":[{"id":1576,"href":"https:\/\/mafal.eu\/ch\/wp-json\/wp\/v2\/pages\/901\/revisions\/1576"}],"wp:attachment":[{"href":"https:\/\/mafal.eu\/ch\/wp-json\/wp\/v2\/media?parent=901"}],"curies":[{"name":"wp","href":"https:\/\/api.w.org\/{rel}","templated":true}]}}