{"id":797,"date":"2025-08-08T08:56:39","date_gmt":"2025-08-08T06:56:39","guid":{"rendered":"https:\/\/mafal.eu\/product\/hunt\/"},"modified":"2025-08-08T08:56:39","modified_gmt":"2025-08-08T06:56:39","slug":"hunt","status":"publish","type":"product","link":"https:\/\/mafal.eu\/ch\/produkt\/hunt\/","title":{"rendered":"HUNT"},"content":{"rendered":"\n<p>Dank der Verwendung hochwertiger Materialien ist das Gartenhaus wetterfest \u2013 ideal geeignet f\u00fcr Sommer und Winter. Es kann als Ger\u00e4teschuppen, Werkstatt, Homeoffice oder kleines R\u00fcckzugsstudio genutzt werden.<\/p>\n\n\n\n<p><strong>Die wichtigsten Vorteile des HUNT Gartenhauses:<\/strong><\/p>\n\n\n\n<ul class=\"wp-block-list\">\n<li>modernes und elegantes Erscheinungsbild,<\/li>\n\n\n\n<li>robuste, langlebige Konstruktion \u2013 widerstandsf\u00e4hig gegen Schnee, Regen und Frost,<\/li>\n\n\n\n<li>vielseitige Nutzung \u2013 von der Lagerfl\u00e4che bis zum Arbeitsplatz,<\/li>\n\n\n\n<li>kompakte Gr\u00f6\u00dfe \u2013 passt auch in kleine G\u00e4rten,<\/li>\n\n\n\n<li>einfache Montage und individuelle Anpassungsm\u00f6glichkeiten.<\/li>\n<\/ul>\n\n\n\n<p>Investieren Sie in Funktionalit\u00e4t und \u00c4sthetik \u2013 w\u00e4hlen Sie das Gartenhaus HUNT, das zum Highlight Ihres Grundst\u00fccks wird.<\/p>\n","protected":false},"excerpt":{"rendered":"<p><strong>Modernes Gartenhaus HUNT \u2013 Funktionalit\u00e4t und Design f\u00fcr Ihren Garten<\/strong><\/p>\n<p>Suchen Sie nach einer praktischen und \u00e4sthetischen L\u00f6sung f\u00fcr Ihren Garten? Das Gartenhaus HUNT vereint minimalistisches Design mit hoher Langlebigkeit. Es besticht durch seine moderne Form, die elegante Kombination aus anthrazitfarbenen Paneelen und Holzakzenten sowie eine gro\u00dfe Verglasung, die f\u00fcr viel nat\u00fcrliches Licht sorgt.<\/p>\n","protected":false},"featured_media":798,"template":"","meta":[],"product_brand":[],"product_cat":[61],"product_tag":[],"class_list":{"0":"post-797","1":"product","2":"type-product","3":"status-publish","4":"has-post-thumbnail","6":"product_cat-gartenhaeuser-ch","8":"first","9":"instock","10":"sold-individually","11":"taxable","12":"shipping-taxable","13":"purchasable","14":"product-type-simple"},"_links":{"self":[{"href":"https:\/\/mafal.eu\/ch\/wp-json\/wp\/v2\/product\/797","targetHints":{"allow":["GET"]}}],"collection":[{"href":"https:\/\/mafal.eu\/ch\/wp-json\/wp\/v2\/product"}],"about":[{"href":"https:\/\/mafal.eu\/ch\/wp-json\/wp\/v2\/types\/product"}],"wp:featuredmedia":[{"embeddable":true,"href":"https:\/\/mafal.eu\/ch\/wp-json\/wp\/v2\/media\/798"}],"wp:attachment":[{"href":"https:\/\/mafal.eu\/ch\/wp-json\/wp\/v2\/media?parent=797"}],"wp:term":[{"taxonomy":"product_brand","embeddable":true,"href":"https:\/\/mafal.eu\/ch\/wp-json\/wp\/v2\/product_brand?post=797"},{"taxonomy":"product_cat","embeddable":true,"href":"https:\/\/mafal.eu\/ch\/wp-json\/wp\/v2\/product_cat?post=797"},{"taxonomy":"product_tag","embeddable":true,"href":"https:\/\/mafal.eu\/ch\/wp-json\/wp\/v2\/product_tag?post=797"}],"curies":[{"name":"wp","href":"https:\/\/api.w.org\/{rel}","templated":true}]}}