{"id":729,"date":"2025-08-08T08:57:18","date_gmt":"2025-08-08T06:57:18","guid":{"rendered":"https:\/\/mafal.eu\/product\/kubica\/"},"modified":"2025-08-11T13:08:26","modified_gmt":"2025-08-11T11:08:26","slug":"kubica","status":"publish","type":"product","link":"https:\/\/mafal.eu\/de\/produkt\/kubica\/","title":{"rendered":"KUBICA"},"content":{"rendered":"\n<p>Dieses moderne Gartenhaus eignet sich ideal als Ger\u00e4teschuppen, Stauraum f\u00fcr Gartenzubeh\u00f6r oder als stilvoller R\u00fcckzugsort zur Erholung. Hochwertige Materialien und eine robuste Verarbeitung garantieren eine lange Lebensdauer \u2013 ganz ohne aufw\u00e4ndige Pflege.<\/p>\n\n\n\n<p><strong>Die wichtigsten Merkmale des Gartenhauses KUBICA:<\/strong><\/p>\n\n\n\n<ul class=\"wp-block-list\">\n<li>Modernes Design im skandinavischen Stil<\/li>\n\n\n\n<li>Horizontale Paneele in elegantem Anthrazit<\/li>\n\n\n\n<li>Vertikale Holzlamellen f\u00fcr Leichtigkeit und nat\u00fcrliche Optik<\/li>\n\n\n\n<li>Wetterfeste und langlebige Konstruktion<\/li>\n\n\n\n<li>Perfekt f\u00fcr jeden Gartentyp \u2013 klassisch oder modern<\/li>\n<\/ul>\n\n\n\n<p>Investieren Sie in Design und Funktionalit\u00e4t \u2013 entscheiden Sie sich f\u00fcr <strong>KUBICA<\/strong> und schaffen Sie einen einzigartigen Raum in Ihrem Garten!<\/p>\n","protected":false},"excerpt":{"rendered":"<p><strong>Modernes Gartenhaus KUBICA \u2013 Eleganz und Funktionalit\u00e4t in Ihrem Garten<\/strong><\/p>\n<p>Suchen Sie nach einer stilvollen, langlebigen und funktionalen L\u00f6sung f\u00fcr Ihren Garten? Das Gartenhaus <strong>KUBICA<\/strong> ist die perfekte Verbindung aus modernem Design und praktischer Anwendung. Es \u00fcberzeugt durch seine minimalistische Form, die elegante anthrazitfarbene Fassadenverkleidung mit horizontalen Paneelen sowie ein edles Detail aus nat\u00fcrlichem Holz in Form vertikaler Lamellen.<\/p>\n","protected":false},"featured_media":321,"template":"","meta":[],"product_brand":[],"product_cat":[53],"product_tag":[],"class_list":{"0":"post-729","1":"product","2":"type-product","3":"status-publish","4":"has-post-thumbnail","6":"product_cat-gartenhaeuser","8":"first","9":"instock","10":"sold-individually","11":"taxable","12":"shipping-taxable","13":"purchasable","14":"product-type-simple"},"_links":{"self":[{"href":"https:\/\/mafal.eu\/de\/wp-json\/wp\/v2\/product\/729","targetHints":{"allow":["GET"]}}],"collection":[{"href":"https:\/\/mafal.eu\/de\/wp-json\/wp\/v2\/product"}],"about":[{"href":"https:\/\/mafal.eu\/de\/wp-json\/wp\/v2\/types\/product"}],"wp:featuredmedia":[{"embeddable":true,"href":"https:\/\/mafal.eu\/de\/wp-json\/wp\/v2\/media\/321"}],"wp:attachment":[{"href":"https:\/\/mafal.eu\/de\/wp-json\/wp\/v2\/media?parent=729"}],"wp:term":[{"taxonomy":"product_brand","embeddable":true,"href":"https:\/\/mafal.eu\/de\/wp-json\/wp\/v2\/product_brand?post=729"},{"taxonomy":"product_cat","embeddable":true,"href":"https:\/\/mafal.eu\/de\/wp-json\/wp\/v2\/product_cat?post=729"},{"taxonomy":"product_tag","embeddable":true,"href":"https:\/\/mafal.eu\/de\/wp-json\/wp\/v2\/product_tag?post=729"}],"curies":[{"name":"wp","href":"https:\/\/api.w.org\/{rel}","templated":true}]}}