{"id":1353,"date":"2025-08-12T12:06:19","date_gmt":"2025-08-12T10:06:19","guid":{"rendered":"https:\/\/mafal.eu\/dane-firmy\/"},"modified":"2025-08-12T13:00:01","modified_gmt":"2025-08-12T11:00:01","slug":"dane-firmy","status":"publish","type":"page","link":"https:\/\/mafal.eu\/fr\/dane-firmy\/","title":{"rendered":"Site notice"},"content":{"rendered":"\n<h2 class=\"wp-block-heading\">INFORMATIONS CONFORM\u00c9MENT \u00c0 L\u2019ARTICLE 5 DE LA LOI ALLEMANDE SUR LES T\u00c9L\u00c9M\u00c9DIAS (TMG)<\/h2>\n\n\n\n<p>BHB Bertsch Holzbau Sp. z o. o.<br>Jana Pawla II 29<br>PL \u2013 33-300 Nowy Sacz<\/p>\n\n\n\n<p><strong>Repr\u00e9sent\u00e9 par :<\/strong><br>Joachim Bertsch<\/p>\n\n\n\n<h2 class=\"wp-block-heading\">CONTACT<\/h2>\n\n\n\n<p>T\u00e9l\u00e9phone : +48 18 442 91 44<br>T\u00e9l\u00e9copie : +48 18 442 97 92<br>Courriel : info@mafal.eu<\/p>\n\n\n\n<h2 class=\"wp-block-heading\">VAT ID<\/h2>\n\n\n\n<p>Num\u00e9ro d\u2019identification de la taxe sur les ventes conform\u00e9ment \u00e0 l\u2019article 27 a de la loi sur la taxe sur les ventes :<br>PL7342834114<\/p>\n\n\n\n<h2 class=\"wp-block-heading\">R\u00c8GLEMENT DES DIFF\u00c9RENDS DANS L\u2019UE<\/h2>\n\n\n\n<p>La Commission europ\u00e9enne met \u00e0 disposition une plateforme de r\u00e9solution des litiges en ligne (ODR) :&nbsp;<a href=\"https:\/\/ec.europa.eu\/consumers\/odr\/\">https:\/\/ec.europa.eu\/consumers\/odr\/.<\/a><br>Notre adresse \u00e9lectronique figure ci-dessus dans l\u2019avis de site.<\/p>\n\n\n\n<h2 class=\"wp-block-heading\">PROC\u00c9DURES DE R\u00c8GLEMENT DES LITIGES DEVANT UNE COMMISSION D\u2019ARBITRAGE DES CONSOMMATEURS<\/h2>\n\n\n\n<p>Nous ne sommes pas dispos\u00e9s ou oblig\u00e9s de participer \u00e0 une proc\u00e9dure de r\u00e9solution des litiges devant une commission d\u2019arbitrage des consommateurs.<\/p>\n","protected":false},"excerpt":{"rendered":"<p>INFORMATIONS CONFORM\u00c9MENT \u00c0 L\u2019ARTICLE 5 DE LA LOI ALLEMANDE SUR LES T\u00c9L\u00c9M\u00c9DIAS (TMG) BHB Bertsch Holzbau Sp. z o. o.Jana Pawla II 29PL \u2013 33-300 Nowy Sacz Repr\u00e9sent\u00e9 par :Joachim Bertsch CONTACT T\u00e9l\u00e9phone : +48 18 442 91 44T\u00e9l\u00e9copie : +48 18 442 97 92Courriel : info@mafal.eu VAT ID Num\u00e9ro d\u2019identification de la taxe sur [&hellip;]<\/p>\n","protected":false},"author":1,"featured_media":0,"parent":0,"menu_order":0,"comment_status":"closed","ping_status":"closed","template":"templates\/clean-template.php","meta":{"footnotes":""},"class_list":["post-1353","page","type-page","status-publish","hentry"],"_links":{"self":[{"href":"https:\/\/mafal.eu\/fr\/wp-json\/wp\/v2\/pages\/1353","targetHints":{"allow":["GET"]}}],"collection":[{"href":"https:\/\/mafal.eu\/fr\/wp-json\/wp\/v2\/pages"}],"about":[{"href":"https:\/\/mafal.eu\/fr\/wp-json\/wp\/v2\/types\/page"}],"author":[{"embeddable":true,"href":"https:\/\/mafal.eu\/fr\/wp-json\/wp\/v2\/users\/1"}],"replies":[{"embeddable":true,"href":"https:\/\/mafal.eu\/fr\/wp-json\/wp\/v2\/comments?post=1353"}],"version-history":[{"count":2,"href":"https:\/\/mafal.eu\/fr\/wp-json\/wp\/v2\/pages\/1353\/revisions"}],"predecessor-version":[{"id":1362,"href":"https:\/\/mafal.eu\/fr\/wp-json\/wp\/v2\/pages\/1353\/revisions\/1362"}],"wp:attachment":[{"href":"https:\/\/mafal.eu\/fr\/wp-json\/wp\/v2\/media?parent=1353"}],"curies":[{"name":"wp","href":"https:\/\/api.w.org\/{rel}","templated":true}]}}