{"id":1370,"date":"2025-07-30T07:18:52","date_gmt":"2025-07-30T05:18:52","guid":{"rendered":"https:\/\/mafal.eu\/polityka-prywatnosci\/"},"modified":"2025-08-13T14:17:48","modified_gmt":"2025-08-13T12:17:48","slug":"polityka-prywatnosci","status":"publish","type":"page","link":"https:\/\/mafal.eu\/fr\/polityka-prywatnosci\/","title":{"rendered":"Politique de confidentialit\u00e9"},"content":{"rendered":"\n<p>Les r\u00e9sultats parlent d&rsquo;eux-m\u00eames<\/p>\n\n\n\n<p>La pr\u00e9sente politique de confidentialit\u00e9 d\u00e9finit les r\u00e8gles de traitement et de protection des donn\u00e9es personnelles des clients utilisant la boutique en ligne accessible \u00e0 l&rsquo;adresse WWW.MAFAL.EU<\/p>\n\n\n\n<p>1. Le responsable du traitement de vos donn\u00e9es personnelles est bhb bertsch holzbau sp. Z o.o. dont le si\u00e8ge social est situ\u00e9 \u00e0 l&rsquo;adresse suivante : ul. Jana Paw\u0142a II 29, 33-300 Nowy S\u0105cz, e-mail : rodo@bertsch-holzbau.eu<\/p>\n\n\n\n<p>2. Vos donn\u00e9es personnelles (nom, pr\u00e9nom, adresse e-mail, num\u00e9ro de t\u00e9l\u00e9phone, num\u00e9ro d&rsquo;identification fiscale, num\u00e9ro d&rsquo;enregistrement, soci\u00e9t\u00e9, adresse) dans la mesure o\u00f9 vous les avez fournies au responsable du traitement, seront trait\u00e9es exclusivement aux fins suivantes :<\/p>\n\n\n\n<ul class=\"wp-block-list\">\n<li>Ex\u00e9cution des commandes pass\u00e9es dans la boutique en ligne, ex\u00e9cution du contrat de vente ainsi que l&rsquo;exp\u00e9dition des commandes (sur la base de l&rsquo;article 6, paragraphe 1, point b) du RGPD)<\/li>\n\n\n\n<li>Traitement des r\u00e9clamations ou des r\u00e9tractations (sur la base de l&rsquo;article 6, paragraphe 1, point c) du RGPD)<\/li>\n\n\n\n<li>R\u00e9pondre \u00e0 votre correspondance ou pour que le responsable du traitement puisse vous envoyer des informations sur les activit\u00e9s commerciales qu&rsquo;il exerce, ainsi que pour archiver la correspondance, ce qui constitue un int\u00e9r\u00eat l\u00e9gitime du responsable du traitement (sur la base de l&rsquo;article 6, paragraphe 1, point f) du RGPD).<\/li>\n\n\n\n<li>D\u00e9termination et exercice des droits ou d\u00e9fense contre des r\u00e9clamations (base juridique : article 6, paragraphe 1, point f) du RGPD)<\/li>\n<\/ul>\n\n\n\n<p>3. Vos donn\u00e9es \u00e0 caract\u00e8re personnel ne seront pas transf\u00e9r\u00e9es \u00e0 un pays tiers ; elles seront conserv\u00e9es pendant la dur\u00e9e de l&rsquo;int\u00e9r\u00eat l\u00e9gitime du responsable du traitement, les donn\u00e9es \u00e0 caract\u00e8re personnel fournies lors de la conclusion du contrat de vente seront conserv\u00e9es pendant toute la dur\u00e9e de celui-ci jusqu&rsquo;\u00e0 l&rsquo;expiration du d\u00e9lai de prescription des droits \u00e0 la garantie et \u00e0 la garantie l\u00e9gale ; elles ne feront pas l&rsquo;objet d&rsquo;un profilage et le responsable du traitement ne prendra pas de d\u00e9cision automatis\u00e9e \u00e0 votre \u00e9gard sur la base des donn\u00e9es \u00e0 caract\u00e8re personnel mises \u00e0 disposition.<\/p>\n\n\n\n<p>4. Vous avez le droit \u00e0 tout moment de demander au responsable du traitement : l&rsquo;acc\u00e8s \u00e0 vos donn\u00e9es \u00e0 caract\u00e8re personnel, leur rectification, leur suppression ou la limitation de leur traitement, de s&rsquo;opposer au traitement et au transfert des donn\u00e9es \u00e0 caract\u00e8re personnel, ainsi que de d\u00e9poser une plainte aupr\u00e8s de l&rsquo;autorit\u00e9 de contr\u00f4le, \u00e0 savoir le pr\u00e9sident de l&rsquo;autorit\u00e9 de protection des donn\u00e9es, lorsque le traitement des donn\u00e9es \u00e0 caract\u00e8re personnel par le responsable du traitement enfreint les dispositions l\u00e9gales en mati\u00e8re de protection des donn\u00e9es \u00e0 caract\u00e8re personnel.<\/p>\n\n\n\n<p>5. La fourniture de donn\u00e9es \u00e0 caract\u00e8re personnel au responsable du traitement est facultative, mais n\u00e9cessaire \u00e0 l&rsquo;ex\u00e9cution du contrat de vente des produits ainsi qu&rsquo;\u00e0 leur exp\u00e9dition, \u00e0 la prise de position et \u00e0 la r\u00e9ponse \u00e0 votre correspondance adress\u00e9e au responsable du traitement ou \u00e0 l&rsquo;envoi de correspondance par le responsable du traitement. Le fait de ne pas fournir les donn\u00e9es \u00e0 caract\u00e8re personnel n\u00e9cessaires \u00e0 la conclusion du contrat de vente entra\u00eenera le refus de conclure le contrat de vente.<\/p>\n\n\n\n<p>6. Vos donn\u00e9es peuvent \u00e9galement \u00eatre accessibles aux sous-traitants du responsable du traitement, y compris les entit\u00e9s charg\u00e9es du traitement, telles que les cabinets comptables, juridiques, informatiques, les entreprises de transport, de messagerie, les prestataires de services postaux, les entreprises effectuant des paiements via un syst\u00e8me de paiement \u00e9lectronique.<\/p>\n\n\n\n<p>.<\/p>\n","protected":false},"excerpt":{"rendered":"<p>Les r\u00e9sultats parlent d&rsquo;eux-m\u00eames La pr\u00e9sente politique de confidentialit\u00e9 d\u00e9finit les r\u00e8gles de traitement et de protection des donn\u00e9es personnelles des clients utilisant la boutique en ligne accessible \u00e0 l&rsquo;adresse WWW.MAFAL.EU 1. Le responsable du traitement de vos donn\u00e9es personnelles est bhb bertsch holzbau sp. Z o.o. dont le si\u00e8ge social est situ\u00e9 \u00e0 l&rsquo;adresse [&hellip;]<\/p>\n","protected":false},"author":1,"featured_media":0,"parent":0,"menu_order":0,"comment_status":"closed","ping_status":"closed","template":"templates\/clean-template.php","meta":{"footnotes":""},"class_list":["post-1370","page","type-page","status-publish","hentry"],"_links":{"self":[{"href":"https:\/\/mafal.eu\/fr\/wp-json\/wp\/v2\/pages\/1370","targetHints":{"allow":["GET"]}}],"collection":[{"href":"https:\/\/mafal.eu\/fr\/wp-json\/wp\/v2\/pages"}],"about":[{"href":"https:\/\/mafal.eu\/fr\/wp-json\/wp\/v2\/types\/page"}],"author":[{"embeddable":true,"href":"https:\/\/mafal.eu\/fr\/wp-json\/wp\/v2\/users\/1"}],"replies":[{"embeddable":true,"href":"https:\/\/mafal.eu\/fr\/wp-json\/wp\/v2\/comments?post=1370"}],"version-history":[{"count":2,"href":"https:\/\/mafal.eu\/fr\/wp-json\/wp\/v2\/pages\/1370\/revisions"}],"predecessor-version":[{"id":1470,"href":"https:\/\/mafal.eu\/fr\/wp-json\/wp\/v2\/pages\/1370\/revisions\/1470"}],"wp:attachment":[{"href":"https:\/\/mafal.eu\/fr\/wp-json\/wp\/v2\/media?parent=1370"}],"curies":[{"name":"wp","href":"https:\/\/api.w.org\/{rel}","templated":true}]}}