{"id":938,"date":"2025-07-30T11:20:18","date_gmt":"2025-07-30T09:20:18","guid":{"rendered":"https:\/\/mafal.eu\/oferta\/"},"modified":"2025-11-24T12:18:08","modified_gmt":"2025-11-24T11:18:08","slug":"offre","status":"publish","type":"page","link":"https:\/\/mafal.eu\/fr\/offre\/","title":{"rendered":"Offre"},"content":{"rendered":"\n<section class=\"hero wp-block-uniquedevs-hero-block\">\n    <div class=\"hero__wrapper\">\n        <div class=\"hero__wrapper-top\">\n            <div class=\"hero__wrapper-top-left\">\n                <h2 class=\"hero__wrapper-top-left-title\">Structures m\u00e9talliques pour <mark class=\"has-inline-color has-blue-color\">votre<\/mark> jardin<\/h2>\n                <div class=\"hero__wrapper-top-left-description\">\n                    MAFAL est une nouvelle gamme dans le portefeuille de BHB Bertsch Holzbau, con\u00e7ue pour ceux qui recherchent des constructions m\u00e9talliques solides, modernes et <strong>enti\u00e8rement personnalisables :<\/strong> des abris pour outils aux abris de jardin, en passant par des accessoires pratiques pour le jardin.                <\/div>\n            <\/div>\n            <div class=\"hero__wrapper-top-right\">\n                <div class=\"hero__wrapper-top-right-image\">\n                                            <img decoding=\"async\" src=\"https:\/\/mafal.eu\/wp-content\/uploads\/2025\/07\/hero.webp\" alt=\"\" \/>\n                                    <\/div>\n            <\/div>\n        <\/div>\n        <div class=\"hero__wrapper-bottom\">\n            <div class=\"hero__wrapper-bottom-marque\">\n                <div>Innovation \u2022 Durabilit\u00e9 \u2022 Esth\u00e9tique \u2022 Innovation \u2022 Durabilit\u00e9 \u2022 Esth\u00e9tique<\/div><div>Innovation \u2022 Durabilit\u00e9 \u2022 Esth\u00e9tique \u2022 Innovation \u2022 Durabilit\u00e9 \u2022 Esth\u00e9tique<\/div>\n            <\/div>\n        <\/div>\n    <\/div>\n<\/section>\n\n\n\n<section class=\"products-module listing wp-block-uniquedevs-products-module\">\n    <div class=\"products-module__wrapper\">\n                            <div class=\"products-module__wrapper-categories\">\n                                    <div class=\"products-module__wrapper-categories-title\">\n                        Filtres                    <\/div>\n                                <div class=\"products-module__wrapper-categories-items\">\n                                            <div class=\"products-module__wrapper-categories-items-item see-all active\">\n                            <a href=\"?pm_cat=\">\n                                Tous les produits                            <\/a>\n                        <\/div>\n                                                                                                                        <div class=\"products-module__wrapper-categories-items-item\">\n                                <a href=\"https:\/\/mafal.eu\/fr\/offre\/?pm_cat=abris-et-carports\"\n                                    data-pm-cat=\"abris-et-carports\">\n                                    Abris et carports                                <\/a>\n                            <\/div>\n                                                                                <div class=\"products-module__wrapper-categories-items-item\">\n                                <a href=\"https:\/\/mafal.eu\/fr\/offre\/?pm_cat=accessoires-de-jardin\"\n                                    data-pm-cat=\"accessoires-de-jardin\">\n                                    Accessoires de jardin                                <\/a>\n                            <\/div>\n                                                                                <div class=\"products-module__wrapper-categories-items-item\">\n                                <a href=\"https:\/\/mafal.eu\/fr\/offre\/?pm_cat=remises-a-outils\"\n                                    data-pm-cat=\"remises-a-outils\">\n                                    Remises \u00e0 outils                                <\/a>\n                            <\/div>\n                                                            <\/div>\n            <\/div>\n                <div class=\"products-module__wrapper-items\">\n                            <a href=\"https:\/\/mafal.eu\/fr\/produit\/norris\/\" class=\"products-module__wrapper-items-item\">\n                    <div class=\"products-module__wrapper-items-item-image\">\n                        <img loading=\"lazy\" decoding=\"async\" width=\"511\" height=\"446\" src=\"https:\/\/mafal.eu\/wp-content\/uploads\/2025\/12\/IMG_4786-511x446.webp\" class=\"attachment-custom-size size-custom-size wp-post-image\" alt=\"\" \/>                    <\/div>\n                    <div class=\"products-module__wrapper-items-item-text\">\n                        <div class=\"products-module__wrapper-items-item-text-title\">\n                            NORRIS                        <\/div>\n                        <div class=\"products-module__wrapper-items-item-text-icon\">\n                            <svg xmlns=\"http:\/\/www.w3.org\/2000\/svg\" width=\"30\" height=\"24\" viewBox=\"0 0 30 24\" fill=\"none\">\n                                <path d=\"M17.4215 5L25.8764 12M25.8764 12L17.4215 19M25.8764 12L4.13525 12\" stroke=\"#060D11\" stroke-width=\"2\" stroke-linecap=\"round\" stroke-linejoin=\"round\" \/>\n                            <\/svg>\n                        <\/div>\n                    <\/div>\n                <\/a>\n                            <a href=\"https:\/\/mafal.eu\/fr\/produit\/bottas\/\" class=\"products-module__wrapper-items-item\">\n                    <div class=\"products-module__wrapper-items-item-image\">\n                        <img loading=\"lazy\" decoding=\"async\" width=\"511\" height=\"446\" src=\"https:\/\/mafal.eu\/wp-content\/uploads\/2025\/12\/BE-Pergola-Szklana-Prawa-Otwarta-HQ-511x446.webp\" class=\"attachment-custom-size size-custom-size wp-post-image\" alt=\"\" \/>                    <\/div>\n                    <div class=\"products-module__wrapper-items-item-text\">\n                        <div class=\"products-module__wrapper-items-item-text-title\">\n                            BOTTAS                        <\/div>\n                        <div class=\"products-module__wrapper-items-item-text-icon\">\n                            <svg xmlns=\"http:\/\/www.w3.org\/2000\/svg\" width=\"30\" height=\"24\" viewBox=\"0 0 30 24\" fill=\"none\">\n                                <path d=\"M17.4215 5L25.8764 12M25.8764 12L17.4215 19M25.8764 12L4.13525 12\" stroke=\"#060D11\" stroke-width=\"2\" stroke-linecap=\"round\" stroke-linejoin=\"round\" \/>\n                            <\/svg>\n                        <\/div>\n                    <\/div>\n                <\/a>\n                            <a href=\"https:\/\/mafal.eu\/fr\/produit\/vettel\/\" class=\"products-module__wrapper-items-item\">\n                    <div class=\"products-module__wrapper-items-item-image\">\n                        <img loading=\"lazy\" decoding=\"async\" width=\"511\" height=\"446\" src=\"https:\/\/mafal.eu\/wp-content\/uploads\/2025\/08\/VETTEL_MAFAL_4-511x446.webp\" class=\"attachment-custom-size size-custom-size wp-post-image\" alt=\"\" \/>                    <\/div>\n                    <div class=\"products-module__wrapper-items-item-text\">\n                        <div class=\"products-module__wrapper-items-item-text-title\">\n                            VETTEL                        <\/div>\n                        <div class=\"products-module__wrapper-items-item-text-icon\">\n                            <svg xmlns=\"http:\/\/www.w3.org\/2000\/svg\" width=\"30\" height=\"24\" viewBox=\"0 0 30 24\" fill=\"none\">\n                                <path d=\"M17.4215 5L25.8764 12M25.8764 12L17.4215 19M25.8764 12L4.13525 12\" stroke=\"#060D11\" stroke-width=\"2\" stroke-linecap=\"round\" stroke-linejoin=\"round\" \/>\n                            <\/svg>\n                        <\/div>\n                    <\/div>\n                <\/a>\n                            <a href=\"https:\/\/mafal.eu\/fr\/produit\/senna\/\" class=\"products-module__wrapper-items-item\">\n                    <div class=\"products-module__wrapper-items-item-image\">\n                        <img loading=\"lazy\" decoding=\"async\" width=\"511\" height=\"446\" src=\"https:\/\/mafal.eu\/wp-content\/uploads\/2025\/08\/SENNA_MAFAL_1-511x446.webp\" class=\"attachment-custom-size size-custom-size wp-post-image\" alt=\"\" \/>                    <\/div>\n                    <div class=\"products-module__wrapper-items-item-text\">\n                        <div class=\"products-module__wrapper-items-item-text-title\">\n                            SENNA                        <\/div>\n                        <div class=\"products-module__wrapper-items-item-text-icon\">\n                            <svg xmlns=\"http:\/\/www.w3.org\/2000\/svg\" width=\"30\" height=\"24\" viewBox=\"0 0 30 24\" fill=\"none\">\n                                <path d=\"M17.4215 5L25.8764 12M25.8764 12L17.4215 19M25.8764 12L4.13525 12\" stroke=\"#060D11\" stroke-width=\"2\" stroke-linecap=\"round\" stroke-linejoin=\"round\" \/>\n                            <\/svg>\n                        <\/div>\n                    <\/div>\n                <\/a>\n                            <a href=\"https:\/\/mafal.eu\/fr\/produit\/schumacher\/\" class=\"products-module__wrapper-items-item\">\n                    <div class=\"products-module__wrapper-items-item-image\">\n                        <img loading=\"lazy\" decoding=\"async\" width=\"511\" height=\"446\" src=\"https:\/\/mafal.eu\/wp-content\/uploads\/2025\/08\/SCHUMACHER_MAFAL_1-511x446.webp\" class=\"attachment-custom-size size-custom-size wp-post-image\" alt=\"\" \/>                    <\/div>\n                    <div class=\"products-module__wrapper-items-item-text\">\n                        <div class=\"products-module__wrapper-items-item-text-title\">\n                            SCHUMACHER                        <\/div>\n                        <div class=\"products-module__wrapper-items-item-text-icon\">\n                            <svg xmlns=\"http:\/\/www.w3.org\/2000\/svg\" width=\"30\" height=\"24\" viewBox=\"0 0 30 24\" fill=\"none\">\n                                <path d=\"M17.4215 5L25.8764 12M25.8764 12L17.4215 19M25.8764 12L4.13525 12\" stroke=\"#060D11\" stroke-width=\"2\" stroke-linecap=\"round\" stroke-linejoin=\"round\" \/>\n                            <\/svg>\n                        <\/div>\n                    <\/div>\n                <\/a>\n                            <a href=\"https:\/\/mafal.eu\/fr\/produit\/rossi\/\" class=\"products-module__wrapper-items-item\">\n                    <div class=\"products-module__wrapper-items-item-image\">\n                        <img loading=\"lazy\" decoding=\"async\" width=\"511\" height=\"446\" src=\"https:\/\/mafal.eu\/wp-content\/uploads\/2025\/08\/ROSSI_MAFAL_1-511x446.webp\" class=\"attachment-custom-size size-custom-size wp-post-image\" alt=\"\" \/>                    <\/div>\n                    <div class=\"products-module__wrapper-items-item-text\">\n                        <div class=\"products-module__wrapper-items-item-text-title\">\n                            ROSSI                        <\/div>\n                        <div class=\"products-module__wrapper-items-item-text-icon\">\n                            <svg xmlns=\"http:\/\/www.w3.org\/2000\/svg\" width=\"30\" height=\"24\" viewBox=\"0 0 30 24\" fill=\"none\">\n                                <path d=\"M17.4215 5L25.8764 12M25.8764 12L17.4215 19M25.8764 12L4.13525 12\" stroke=\"#060D11\" stroke-width=\"2\" stroke-linecap=\"round\" stroke-linejoin=\"round\" \/>\n                            <\/svg>\n                        <\/div>\n                    <\/div>\n                <\/a>\n                            <a href=\"https:\/\/mafal.eu\/fr\/produit\/rosberg\/\" class=\"products-module__wrapper-items-item\">\n                    <div class=\"products-module__wrapper-items-item-image\">\n                        <img loading=\"lazy\" decoding=\"async\" width=\"511\" height=\"446\" src=\"https:\/\/mafal.eu\/wp-content\/uploads\/2025\/08\/ROSBERG_MAFAL-511x446.webp\" class=\"attachment-custom-size size-custom-size wp-post-image\" alt=\"\" \/>                    <\/div>\n                    <div class=\"products-module__wrapper-items-item-text\">\n                        <div class=\"products-module__wrapper-items-item-text-title\">\n                            ROSBERG                        <\/div>\n                        <div class=\"products-module__wrapper-items-item-text-icon\">\n                            <svg xmlns=\"http:\/\/www.w3.org\/2000\/svg\" width=\"30\" height=\"24\" viewBox=\"0 0 30 24\" fill=\"none\">\n                                <path d=\"M17.4215 5L25.8764 12M25.8764 12L17.4215 19M25.8764 12L4.13525 12\" stroke=\"#060D11\" stroke-width=\"2\" stroke-linecap=\"round\" stroke-linejoin=\"round\" \/>\n                            <\/svg>\n                        <\/div>\n                    <\/div>\n                <\/a>\n                            <a href=\"https:\/\/mafal.eu\/fr\/produit\/prost\/\" class=\"products-module__wrapper-items-item\">\n                    <div class=\"products-module__wrapper-items-item-image\">\n                        <img loading=\"lazy\" decoding=\"async\" width=\"511\" height=\"446\" src=\"https:\/\/mafal.eu\/wp-content\/uploads\/2025\/08\/PROST_MAFAL_1-511x446.webp\" class=\"attachment-custom-size size-custom-size wp-post-image\" alt=\"\" \/>                    <\/div>\n                    <div class=\"products-module__wrapper-items-item-text\">\n                        <div class=\"products-module__wrapper-items-item-text-title\">\n                            PROST                        <\/div>\n                        <div class=\"products-module__wrapper-items-item-text-icon\">\n                            <svg xmlns=\"http:\/\/www.w3.org\/2000\/svg\" width=\"30\" height=\"24\" viewBox=\"0 0 30 24\" fill=\"none\">\n                                <path d=\"M17.4215 5L25.8764 12M25.8764 12L17.4215 19M25.8764 12L4.13525 12\" stroke=\"#060D11\" stroke-width=\"2\" stroke-linecap=\"round\" stroke-linejoin=\"round\" \/>\n                            <\/svg>\n                        <\/div>\n                    <\/div>\n                <\/a>\n                            <a href=\"https:\/\/mafal.eu\/fr\/produit\/pedrosa\/\" class=\"products-module__wrapper-items-item\">\n                    <div class=\"products-module__wrapper-items-item-image\">\n                        <img loading=\"lazy\" decoding=\"async\" width=\"511\" height=\"446\" src=\"https:\/\/mafal.eu\/wp-content\/uploads\/2025\/08\/PEDROSA_MAFAL_1-511x446.webp\" class=\"attachment-custom-size size-custom-size wp-post-image\" alt=\"\" \/>                    <\/div>\n                    <div class=\"products-module__wrapper-items-item-text\">\n                        <div class=\"products-module__wrapper-items-item-text-title\">\n                            PEDROSA                        <\/div>\n                        <div class=\"products-module__wrapper-items-item-text-icon\">\n                            <svg xmlns=\"http:\/\/www.w3.org\/2000\/svg\" width=\"30\" height=\"24\" viewBox=\"0 0 30 24\" fill=\"none\">\n                                <path d=\"M17.4215 5L25.8764 12M25.8764 12L17.4215 19M25.8764 12L4.13525 12\" stroke=\"#060D11\" stroke-width=\"2\" stroke-linecap=\"round\" stroke-linejoin=\"round\" \/>\n                            <\/svg>\n                        <\/div>\n                    <\/div>\n                <\/a>\n                            <a href=\"https:\/\/mafal.eu\/fr\/produit\/marquez\/\" class=\"products-module__wrapper-items-item\">\n                    <div class=\"products-module__wrapper-items-item-image\">\n                        <img loading=\"lazy\" decoding=\"async\" width=\"511\" height=\"446\" src=\"https:\/\/mafal.eu\/wp-content\/uploads\/2025\/08\/MARQUEZ_MAFAL_1-511x446.webp\" class=\"attachment-custom-size size-custom-size wp-post-image\" alt=\"\" \/>                    <\/div>\n                    <div class=\"products-module__wrapper-items-item-text\">\n                        <div class=\"products-module__wrapper-items-item-text-title\">\n                            MARQUEZ                        <\/div>\n                        <div class=\"products-module__wrapper-items-item-text-icon\">\n                            <svg xmlns=\"http:\/\/www.w3.org\/2000\/svg\" width=\"30\" height=\"24\" viewBox=\"0 0 30 24\" fill=\"none\">\n                                <path d=\"M17.4215 5L25.8764 12M25.8764 12L17.4215 19M25.8764 12L4.13525 12\" stroke=\"#060D11\" stroke-width=\"2\" stroke-linecap=\"round\" stroke-linejoin=\"round\" \/>\n                            <\/svg>\n                        <\/div>\n                    <\/div>\n                <\/a>\n                            <a href=\"https:\/\/mafal.eu\/fr\/produit\/mansel\/\" class=\"products-module__wrapper-items-item\">\n                    <div class=\"products-module__wrapper-items-item-image\">\n                        <img loading=\"lazy\" decoding=\"async\" width=\"511\" height=\"446\" src=\"https:\/\/mafal.eu\/wp-content\/uploads\/2025\/08\/MANSEL_MAFAL_1-511x446.webp\" class=\"attachment-custom-size size-custom-size wp-post-image\" alt=\"\" \/>                    <\/div>\n                    <div class=\"products-module__wrapper-items-item-text\">\n                        <div class=\"products-module__wrapper-items-item-text-title\">\n                            MANSEL                        <\/div>\n                        <div class=\"products-module__wrapper-items-item-text-icon\">\n                            <svg xmlns=\"http:\/\/www.w3.org\/2000\/svg\" width=\"30\" height=\"24\" viewBox=\"0 0 30 24\" fill=\"none\">\n                                <path d=\"M17.4215 5L25.8764 12M25.8764 12L17.4215 19M25.8764 12L4.13525 12\" stroke=\"#060D11\" stroke-width=\"2\" stroke-linecap=\"round\" stroke-linejoin=\"round\" \/>\n                            <\/svg>\n                        <\/div>\n                    <\/div>\n                <\/a>\n                            <a href=\"https:\/\/mafal.eu\/fr\/produit\/kubica\/\" class=\"products-module__wrapper-items-item\">\n                    <div class=\"products-module__wrapper-items-item-image\">\n                        <img loading=\"lazy\" decoding=\"async\" width=\"511\" height=\"446\" src=\"https:\/\/mafal.eu\/wp-content\/uploads\/2025\/08\/KUBICA_MAFAL_1-511x446.webp\" class=\"attachment-custom-size size-custom-size wp-post-image\" alt=\"\" \/>                    <\/div>\n                    <div class=\"products-module__wrapper-items-item-text\">\n                        <div class=\"products-module__wrapper-items-item-text-title\">\n                            KUBICA                        <\/div>\n                        <div class=\"products-module__wrapper-items-item-text-icon\">\n                            <svg xmlns=\"http:\/\/www.w3.org\/2000\/svg\" width=\"30\" height=\"24\" viewBox=\"0 0 30 24\" fill=\"none\">\n                                <path d=\"M17.4215 5L25.8764 12M25.8764 12L17.4215 19M25.8764 12L4.13525 12\" stroke=\"#060D11\" stroke-width=\"2\" stroke-linecap=\"round\" stroke-linejoin=\"round\" \/>\n                            <\/svg>\n                        <\/div>\n                    <\/div>\n                <\/a>\n                    <\/div>\n\n                                                <nav class=\"products-module__pagination\">\n                    <ul>\n                                                    <li><span aria-current=\"page\" class=\"page-numbers current\">1<\/span><\/li>\n                                                    <li><a class=\"page-numbers\" href=\"https:\/\/mafal.eu\/fr\/wp-json\/wp\/v2\/pages\/938\/page\/2\/\">2<\/a><\/li>\n                                                    <li><a class=\"next page-numbers\" href=\"https:\/\/mafal.eu\/fr\/wp-json\/wp\/v2\/pages\/938\/page\/2\/\"><\/a><\/li>\n                                            <\/ul>\n                <\/nav>\n                                <\/div>\n<\/section>\n\n\n<section class=\"configurator mb-0 wp-block-uniquedevs-configurator\">\n    <div class=\"configurator__wrapper\">\n        <div class=\"configurator__wrapper-marque\">\n                                <\/div>\n        <div class=\"configurator__wrapper-content\">\n            <div class=\"configurator__wrapper-content-wrapper\">\n                <div class=\"configurator__wrapper-content-wrapper-text\">\n                                            <h2 class=\"configurator__wrapper-content-wrapper-text-title\">\n                            Configurer<br><mark style=\"background-color:rgba(0, 0, 0, 0);color:#ffffff\" class=\"has-inline-color\">votre produit<\/mark>                        <\/h2>\n                    \n                                            <div class=\"configurator__wrapper-content-wrapper-text-description\">\n                            Configurateur intuitif, rapide et pratique, con\u00e7u pour le client individuel.                        <\/div>\n                    \n                                            <div class=\"configurator__wrapper-content-wrapper-text-list\">\n                            <ul>\n                                                                    <li>Choisissez un mod\u00e8le : abri de jardin, auvent, accessoires.<\/li>\n                                                                    <li>Ajustez les param\u00e8tres : dimensions, couleur, type de finition.<\/li>\n                                                                    <li>Obtenez une visualisation 3D et un devis \u2013 en temps r\u00e9el !<\/li>\n                                                                    <li>Envoyez votre demande \u2013 votre projet sera automatiquement transmis \u00e0 un conseiller.<\/li>\n                                                            <\/ul>\n                        <\/div>\n                    \n                                            <a href=\"https:\/\/mafal.visualconfig.com\/\" class=\"configurator__wrapper-content-wrapper-text-button\">\n                            Acc\u00e9dez au configurateur                        <\/a>\n                                    <\/div>\n\n                <div class=\"configurator__wrapper-content-wrapper-image\">\n                                            <img decoding=\"async\" src=\"https:\/\/mafal.eu\/wp-content\/uploads\/2025\/08\/zuluna-mock-1.webp\" alt=\"\" \/>\n                                    <\/div>\n            <\/div>\n        <\/div>\n    <\/div>\n<\/section>\n","protected":false},"excerpt":{"rendered":"","protected":false},"author":1,"featured_media":0,"parent":0,"menu_order":0,"comment_status":"closed","ping_status":"closed","template":"","meta":{"footnotes":""},"class_list":["post-938","page","type-page","status-publish","hentry"],"_links":{"self":[{"href":"https:\/\/mafal.eu\/fr\/wp-json\/wp\/v2\/pages\/938","targetHints":{"allow":["GET"]}}],"collection":[{"href":"https:\/\/mafal.eu\/fr\/wp-json\/wp\/v2\/pages"}],"about":[{"href":"https:\/\/mafal.eu\/fr\/wp-json\/wp\/v2\/types\/page"}],"author":[{"embeddable":true,"href":"https:\/\/mafal.eu\/fr\/wp-json\/wp\/v2\/users\/1"}],"replies":[{"embeddable":true,"href":"https:\/\/mafal.eu\/fr\/wp-json\/wp\/v2\/comments?post=938"}],"version-history":[{"count":6,"href":"https:\/\/mafal.eu\/fr\/wp-json\/wp\/v2\/pages\/938\/revisions"}],"predecessor-version":[{"id":1579,"href":"https:\/\/mafal.eu\/fr\/wp-json\/wp\/v2\/pages\/938\/revisions\/1579"}],"wp:attachment":[{"href":"https:\/\/mafal.eu\/fr\/wp-json\/wp\/v2\/media?parent=938"}],"curies":[{"name":"wp","href":"https:\/\/api.w.org\/{rel}","templated":true}]}}