{"id":1692,"date":"2025-12-09T06:53:46","date_gmt":"2025-12-09T05:53:46","guid":{"rendered":"https:\/\/mafal.eu\/product\/bottas\/"},"modified":"2025-12-09T09:42:43","modified_gmt":"2025-12-09T08:42:43","slug":"bottas","status":"publish","type":"product","link":"https:\/\/mafal.eu\/fr\/produit\/bottas\/","title":{"rendered":"BOTTAS"},"content":{"rendered":"\n<p><strong>BOTTAS<\/strong> est un pavillon de jardin en m\u00e9tal avec une structure solide et une finition soign\u00e9e et r\u00e9fl\u00e9chie.<\/p>\n\n\n\n<h3 class=\"wp-block-heading\"><strong>Caract\u00e9ristiques principales<\/strong><\/h3>\n\n\n\n<ul class=\"wp-block-list\">\n<li><strong>Structure en t\u00f4le d\u2019acier de 0,5 mm<\/strong> \u2014 garantit durabilit\u00e9, stabilit\u00e9 et r\u00e9sistance aux intemp\u00e9ries.<\/li>\n\n\n\n<li><strong>Dimensions des murs : 500 \u00d7 400 cm ; hauteur avant\/arri\u00e8re : 240 cm \/ 220 cm<\/strong> \u2014 offre un espace int\u00e9rieur spacieux et confortable.<\/li>\n\n\n\n<li><strong>Couleur : RAL 8019 \u00ab brun chocolat \u00bb<\/strong><\/li>\n\n\n\n<li><strong>\u00c9quip\u00e9 d\u2019un plancher<\/strong>, ce qui augmente le confort d\u2019utilisation \u2014 id\u00e9al comme espace de d\u00e9tente ou de rangement.<\/li>\n\n\n\n<li><strong>Pavillon \u00e9quip\u00e9 d\u2019une goutti\u00e8re<\/strong> \u2014 facilite l\u2019\u00e9vacuation des eaux de pluie.<\/li>\n\n\n\n<li><strong>Portes : dimensions 300 \u00d7 212 cm ou 200 \u00d7 212 cm<\/strong> \u2014 pour un acc\u00e8s pratique et large.<\/li>\n<\/ul>\n\n\n\n<h3 class=\"wp-block-heading\"><strong>Avantages et utilisations<\/strong><\/h3>\n\n\n\n<ul class=\"wp-block-list\">\n<li>Gr\u00e2ce \u00e0 sa structure m\u00e9tallique, <strong>BOTTAS allie design moderne et durabilit\u00e9<\/strong> \u2014 une excellente alternative aux pavillons en bois. Contrairement aux pavillons l\u00e9gers sans plancher, il offre un espace plus stable et durable.<\/li>\n\n\n\n<li>Sa grande surface et son plancher solide permettent d\u2019utiliser le pavillon comme <strong>zone de d\u00e9tente, pavillon de jardin, espace de rencontre<\/strong>, ou \u2014 si n\u00e9cessaire \u2014 comme <strong>espace pratique pour ranger outils et \u00e9quipements de jardin<\/strong>.<\/li>\n\n\n\n<li>La <strong>couleur brun chocolat<\/strong> s\u2019int\u00e8gre harmonieusement dans la verdure du jardin et conf\u00e8re \u00e0 l\u2019espace un caract\u00e8re \u00e9l\u00e9gant et discret.<\/li>\n<\/ul>\n","protected":false},"excerpt":{"rendered":"<p>BOTTAS est un pavillon de jardin en m\u00e9tal avec une structure solide et une finition soign\u00e9e et r\u00e9fl\u00e9chie. Caract\u00e9ristiques principales Avantages et utilisations<\/p>\n","protected":false},"featured_media":1645,"template":"","meta":[],"product_brand":[],"product_cat":[36],"product_tag":[],"class_list":{"0":"post-1692","1":"product","2":"type-product","3":"status-publish","4":"has-post-thumbnail","6":"product_cat-bez-kategorii","8":"first","9":"onbackorder","10":"sold-individually","11":"taxable","12":"shipping-taxable","13":"product-type-simple"},"_links":{"self":[{"href":"https:\/\/mafal.eu\/fr\/wp-json\/wp\/v2\/product\/1692","targetHints":{"allow":["GET"]}}],"collection":[{"href":"https:\/\/mafal.eu\/fr\/wp-json\/wp\/v2\/product"}],"about":[{"href":"https:\/\/mafal.eu\/fr\/wp-json\/wp\/v2\/types\/product"}],"wp:featuredmedia":[{"embeddable":true,"href":"https:\/\/mafal.eu\/fr\/wp-json\/wp\/v2\/media\/1645"}],"wp:attachment":[{"href":"https:\/\/mafal.eu\/fr\/wp-json\/wp\/v2\/media?parent=1692"}],"wp:term":[{"taxonomy":"product_brand","embeddable":true,"href":"https:\/\/mafal.eu\/fr\/wp-json\/wp\/v2\/product_brand?post=1692"},{"taxonomy":"product_cat","embeddable":true,"href":"https:\/\/mafal.eu\/fr\/wp-json\/wp\/v2\/product_cat?post=1692"},{"taxonomy":"product_tag","embeddable":true,"href":"https:\/\/mafal.eu\/fr\/wp-json\/wp\/v2\/product_tag?post=1692"}],"curies":[{"name":"wp","href":"https:\/\/api.w.org\/{rel}","templated":true}]}}