{"id":728,"date":"2025-08-08T08:56:39","date_gmt":"2025-08-08T06:56:39","guid":{"rendered":"https:\/\/mafal.eu\/product\/hunt\/"},"modified":"2025-08-12T07:33:24","modified_gmt":"2025-08-12T05:33:24","slug":"hunt","status":"publish","type":"product","link":"https:\/\/mafal.eu\/fr\/produit\/hunt\/","title":{"rendered":"HUNT"},"content":{"rendered":"\n<p>DzGr\u00e2ce \u00e0 l\u2019utilisation de mat\u00e9riaux de haute qualit\u00e9, cet abri r\u00e9siste aux intemp\u00e9ries \u2013 parfait pour l\u2019\u00e9t\u00e9 comme pour l\u2019hiver. Il peut servir de remise \u00e0 outils, d\u2019atelier, de bureau \u00e0 domicile ou de petit espace de d\u00e9tente.<\/p>\n\n\n\n<p><strong>Principaux avantages de l\u2019abri de jardin HUNT :<\/strong><\/p>\n\n\n\n<ul class=\"wp-block-list\">\n<li>apparence moderne et \u00e9l\u00e9gante,<\/li>\n\n\n\n<li>construction robuste et durable \u2013 r\u00e9sistante \u00e0 la neige, \u00e0 la pluie et au gel,<\/li>\n\n\n\n<li>usage polyvalent \u2013 de l&rsquo;espace de rangement \u00e0 un lieu de travail,<\/li>\n\n\n\n<li>format compact \u2013 adapt\u00e9 m\u00eame aux petits jardins,<\/li>\n\n\n\n<li>montage facile et options de personnalisation.<\/li>\n<\/ul>\n\n\n\n<p>Investissez dans la fonctionnalit\u00e9 et l\u2019esth\u00e9tique \u2013 choisissez l\u2019abri de jardin HUNT qui deviendra un v\u00e9ritable atout pour votre propri\u00e9t\u00e9.<\/p>\n","protected":false},"excerpt":{"rendered":"<p><strong>Abri de jardin moderne HUNT \u2013 Fonctionnalit\u00e9 et design pour votre jardin<\/strong><\/p>\n<p>Vous recherchez une solution pratique et esth\u00e9tique pour votre jardin ? L\u2019abri de jardin HUNT allie design minimaliste et durabilit\u00e9. Il se distingue par sa forme moderne, sa combinaison \u00e9l\u00e9gante de panneaux anthracite et d&rsquo;accents en bois, ainsi qu\u2019une grande surface vitr\u00e9e laissant entrer la lumi\u00e8re naturelle.<\/p>\n","protected":false},"featured_media":314,"template":"","meta":[],"product_brand":[],"product_cat":[52],"product_tag":[],"class_list":{"0":"post-728","1":"product","2":"type-product","3":"status-publish","4":"has-post-thumbnail","6":"product_cat-remises-a-outils","8":"first","9":"instock","10":"sold-individually","11":"taxable","12":"shipping-taxable","13":"purchasable","14":"product-type-simple"},"_links":{"self":[{"href":"https:\/\/mafal.eu\/fr\/wp-json\/wp\/v2\/product\/728","targetHints":{"allow":["GET"]}}],"collection":[{"href":"https:\/\/mafal.eu\/fr\/wp-json\/wp\/v2\/product"}],"about":[{"href":"https:\/\/mafal.eu\/fr\/wp-json\/wp\/v2\/types\/product"}],"wp:featuredmedia":[{"embeddable":true,"href":"https:\/\/mafal.eu\/fr\/wp-json\/wp\/v2\/media\/314"}],"wp:attachment":[{"href":"https:\/\/mafal.eu\/fr\/wp-json\/wp\/v2\/media?parent=728"}],"wp:term":[{"taxonomy":"product_brand","embeddable":true,"href":"https:\/\/mafal.eu\/fr\/wp-json\/wp\/v2\/product_brand?post=728"},{"taxonomy":"product_cat","embeddable":true,"href":"https:\/\/mafal.eu\/fr\/wp-json\/wp\/v2\/product_cat?post=728"},{"taxonomy":"product_tag","embeddable":true,"href":"https:\/\/mafal.eu\/fr\/wp-json\/wp\/v2\/product_tag?post=728"}],"curies":[{"name":"wp","href":"https:\/\/api.w.org\/{rel}","templated":true}]}}