{"id":730,"date":"2025-08-08T08:57:18","date_gmt":"2025-08-08T06:57:18","guid":{"rendered":"https:\/\/mafal.eu\/product\/kubica\/"},"modified":"2025-08-12T07:35:46","modified_gmt":"2025-08-12T05:35:46","slug":"kubica","status":"publish","type":"product","link":"https:\/\/mafal.eu\/fr\/produit\/kubica\/","title":{"rendered":"KUBICA"},"content":{"rendered":"\n<p>Ten <strong>nowoczesny domek ogr<\/strong>Cet abri de jardin moderne est id\u00e9al comme espace de rangement pour les outils, le mat\u00e9riel de jardinage ou encore comme coin d\u00e9tente styl\u00e9. Des mat\u00e9riaux de haute qualit\u00e9 et une fabrication solide garantissent une longue dur\u00e9e de vie sans entretien fr\u00e9quent.<\/p>\n\n\n\n<p><strong>Caract\u00e9ristiques principales de l\u2019abri KUBICA :<\/strong><\/p>\n\n\n\n<ul class=\"wp-block-list\">\n<li>Design moderne de style scandinave<\/li>\n\n\n\n<li>Panneaux horizontaux en finition anthracite \u00e9l\u00e9gante<\/li>\n\n\n\n<li>Lames en bois verticales pour une touche naturelle et l\u00e9g\u00e8re<\/li>\n\n\n\n<li>Construction durable et r\u00e9sistante aux intemp\u00e9ries<\/li>\n\n\n\n<li>Id\u00e9al pour tout type de jardin \u2013 classique ou contemporain<\/li>\n<\/ul>\n\n\n\n<p>Investissez dans le design et la fonctionnalit\u00e9 \u2013 optez pour <strong>KUBICA<\/strong> et cr\u00e9ez un espace unique dans votre jardin !<\/p>\n","protected":false},"excerpt":{"rendered":"<p><strong>Abri de jardin moderne KUBICA \u2013 \u00c9l\u00e9gance et fonctionnalit\u00e9 dans votre jardin<\/strong><\/p>\n<p>Vous cherchez une solution \u00e9l\u00e9gante, durable et fonctionnelle pour votre jardin ? L\u2019abri de jardin <strong>KUBICA<\/strong> est la combinaison parfaite entre design moderne et praticit\u00e9. Il se distingue par sa forme minimaliste, son rev\u00eatement anthracite avec des panneaux horizontaux et une touche \u00e9l\u00e9gante de bois naturel sous forme de lames verticales.<\/p>\n","protected":false},"featured_media":320,"template":"","meta":[],"product_brand":[],"product_cat":[52],"product_tag":[],"class_list":{"0":"post-730","1":"product","2":"type-product","3":"status-publish","4":"has-post-thumbnail","6":"product_cat-remises-a-outils","8":"first","9":"instock","10":"sold-individually","11":"taxable","12":"shipping-taxable","13":"purchasable","14":"product-type-simple"},"_links":{"self":[{"href":"https:\/\/mafal.eu\/fr\/wp-json\/wp\/v2\/product\/730","targetHints":{"allow":["GET"]}}],"collection":[{"href":"https:\/\/mafal.eu\/fr\/wp-json\/wp\/v2\/product"}],"about":[{"href":"https:\/\/mafal.eu\/fr\/wp-json\/wp\/v2\/types\/product"}],"wp:featuredmedia":[{"embeddable":true,"href":"https:\/\/mafal.eu\/fr\/wp-json\/wp\/v2\/media\/320"}],"wp:attachment":[{"href":"https:\/\/mafal.eu\/fr\/wp-json\/wp\/v2\/media?parent=730"}],"wp:term":[{"taxonomy":"product_brand","embeddable":true,"href":"https:\/\/mafal.eu\/fr\/wp-json\/wp\/v2\/product_brand?post=730"},{"taxonomy":"product_cat","embeddable":true,"href":"https:\/\/mafal.eu\/fr\/wp-json\/wp\/v2\/product_cat?post=730"},{"taxonomy":"product_tag","embeddable":true,"href":"https:\/\/mafal.eu\/fr\/wp-json\/wp\/v2\/product_tag?post=730"}],"curies":[{"name":"wp","href":"https:\/\/api.w.org\/{rel}","templated":true}]}}