{"id":25,"date":"2025-07-30T11:20:18","date_gmt":"2025-07-30T09:20:18","guid":{"rendered":"https:\/\/mafal.eu\/shop\/"},"modified":"2025-11-24T12:18:52","modified_gmt":"2025-11-24T11:18:52","slug":"oferta","status":"publish","type":"page","link":"https:\/\/mafal.eu\/pl\/oferta\/","title":{"rendered":"Oferta"},"content":{"rendered":"\n<section class=\"hero wp-block-uniquedevs-hero-block\">\n    <div class=\"hero__wrapper\">\n        <div class=\"hero__wrapper-top\">\n            <div class=\"hero__wrapper-top-left\">\n                <h2 class=\"hero__wrapper-top-left-title\">Metalowe konstrukcje \u2028do <mark class=\"has-inline-color has-blue-color\">Twojego <\/mark>ogrodu<\/h2>\n                <div class=\"hero__wrapper-top-left-description\">\n                    MAFAL to nowa ods\u0142ona w portfolio BHB Bertsch Holzbau \u2028\u2013 stworzona z my\u015bl\u0105 o tych, kt\u00f3rzy szukaj\u0105 solidnych, modnych i <strong>w pe\u0142ni personalizowanych konstrukcji z metalu:<\/strong> od narz\u0119dziowych domk\u00f3w, przez wiaty, a\u017c po praktyczne akcesoria ogrodowe.                <\/div>\n            <\/div>\n            <div class=\"hero__wrapper-top-right\">\n                <div class=\"hero__wrapper-top-right-image\">\n                                            <img decoding=\"async\" src=\"https:\/\/mafal.eu\/wp-content\/uploads\/2025\/07\/hero.webp\" alt=\"\" \/>\n                                    <\/div>\n            <\/div>\n        <\/div>\n        <div class=\"hero__wrapper-bottom\">\n            <div class=\"hero__wrapper-bottom-marque\">\n                <div>Innowacja \u2022 Trwa\u0142o\u015b\u0107 \u2022 Estetyka \u2022 Innowacja \u2022 Trwa\u0142o\u015b\u0107 \u2022 Estetyka<\/div><div>Innowacja \u2022 Trwa\u0142o\u015b\u0107 \u2022 Estetyka \u2022 Innowacja \u2022 Trwa\u0142o\u015b\u0107 \u2022 Estetyka<\/div>\n            <\/div>\n        <\/div>\n    <\/div>\n<\/section>\n\n\n\n<section class=\"products-module listing wp-block-uniquedevs-products-module\">\n    <div class=\"products-module__wrapper\">\n                            <div class=\"products-module__wrapper-categories\">\n                                    <div class=\"products-module__wrapper-categories-title\">\n                        Filtry                    <\/div>\n                                <div class=\"products-module__wrapper-categories-items\">\n                                            <div class=\"products-module__wrapper-categories-items-item see-all active\">\n                            <a href=\"?pm_cat=\">\n                                Wszystkie produkty                            <\/a>\n                        <\/div>\n                                                                                                                        <div class=\"products-module__wrapper-categories-items-item\">\n                                <a href=\"https:\/\/mafal.eu\/pl\/oferta\/?pm_cat=akcesoria-ogrodowe\"\n                                    data-pm-cat=\"akcesoria-ogrodowe\">\n                                    Akcesoria ogrodowe                                <\/a>\n                            <\/div>\n                                                                                <div class=\"products-module__wrapper-categories-items-item\">\n                                <a href=\"https:\/\/mafal.eu\/pl\/oferta\/?pm_cat=domki-narzedziowe\"\n                                    data-pm-cat=\"domki-narzedziowe\">\n                                    Domki narz\u0119dziowe                                <\/a>\n                            <\/div>\n                                                                                <div class=\"products-module__wrapper-categories-items-item\">\n                                <a href=\"https:\/\/mafal.eu\/pl\/oferta\/?pm_cat=wiaty-i-carporty\"\n                                    data-pm-cat=\"wiaty-i-carporty\">\n                                    Wiaty i carporty                                <\/a>\n                            <\/div>\n                                                            <\/div>\n            <\/div>\n                <div class=\"products-module__wrapper-items\">\n                            <a href=\"https:\/\/mafal.eu\/pl\/produkt\/norris\/\" class=\"products-module__wrapper-items-item\">\n                    <div class=\"products-module__wrapper-items-item-image\">\n                        <img loading=\"lazy\" decoding=\"async\" width=\"511\" height=\"446\" src=\"https:\/\/mafal.eu\/wp-content\/uploads\/2025\/12\/IMG_4786-511x446.webp\" class=\"attachment-custom-size size-custom-size wp-post-image\" alt=\"\" \/>                    <\/div>\n                    <div class=\"products-module__wrapper-items-item-text\">\n                        <div class=\"products-module__wrapper-items-item-text-title\">\n                            NORRIS                        <\/div>\n                        <div class=\"products-module__wrapper-items-item-text-icon\">\n                            <svg xmlns=\"http:\/\/www.w3.org\/2000\/svg\" width=\"30\" height=\"24\" viewBox=\"0 0 30 24\" fill=\"none\">\n                                <path d=\"M17.4215 5L25.8764 12M25.8764 12L17.4215 19M25.8764 12L4.13525 12\" stroke=\"#060D11\" stroke-width=\"2\" stroke-linecap=\"round\" stroke-linejoin=\"round\" \/>\n                            <\/svg>\n                        <\/div>\n                    <\/div>\n                <\/a>\n                            <a href=\"https:\/\/mafal.eu\/pl\/produkt\/bottas\/\" class=\"products-module__wrapper-items-item\">\n                    <div class=\"products-module__wrapper-items-item-image\">\n                        <img loading=\"lazy\" decoding=\"async\" width=\"511\" height=\"446\" src=\"https:\/\/mafal.eu\/wp-content\/uploads\/2025\/12\/BE-Pergola-Szklana-Prawa-Otwarta-HQ-511x446.webp\" class=\"attachment-custom-size size-custom-size wp-post-image\" alt=\"\" \/>                    <\/div>\n                    <div class=\"products-module__wrapper-items-item-text\">\n                        <div class=\"products-module__wrapper-items-item-text-title\">\n                            BOTTAS                        <\/div>\n                        <div class=\"products-module__wrapper-items-item-text-icon\">\n                            <svg xmlns=\"http:\/\/www.w3.org\/2000\/svg\" width=\"30\" height=\"24\" viewBox=\"0 0 30 24\" fill=\"none\">\n                                <path d=\"M17.4215 5L25.8764 12M25.8764 12L17.4215 19M25.8764 12L4.13525 12\" stroke=\"#060D11\" stroke-width=\"2\" stroke-linecap=\"round\" stroke-linejoin=\"round\" \/>\n                            <\/svg>\n                        <\/div>\n                    <\/div>\n                <\/a>\n                            <a href=\"https:\/\/mafal.eu\/pl\/produkt\/vettel\/\" class=\"products-module__wrapper-items-item\">\n                    <div class=\"products-module__wrapper-items-item-image\">\n                        <img loading=\"lazy\" decoding=\"async\" width=\"511\" height=\"446\" src=\"https:\/\/mafal.eu\/wp-content\/uploads\/2025\/08\/VETTEL_MAFAL_4-511x446.webp\" class=\"attachment-custom-size size-custom-size wp-post-image\" alt=\"\" \/>                    <\/div>\n                    <div class=\"products-module__wrapper-items-item-text\">\n                        <div class=\"products-module__wrapper-items-item-text-title\">\n                            VETTEL                        <\/div>\n                        <div class=\"products-module__wrapper-items-item-text-icon\">\n                            <svg xmlns=\"http:\/\/www.w3.org\/2000\/svg\" width=\"30\" height=\"24\" viewBox=\"0 0 30 24\" fill=\"none\">\n                                <path d=\"M17.4215 5L25.8764 12M25.8764 12L17.4215 19M25.8764 12L4.13525 12\" stroke=\"#060D11\" stroke-width=\"2\" stroke-linecap=\"round\" stroke-linejoin=\"round\" \/>\n                            <\/svg>\n                        <\/div>\n                    <\/div>\n                <\/a>\n                            <a href=\"https:\/\/mafal.eu\/pl\/produkt\/senna\/\" class=\"products-module__wrapper-items-item\">\n                    <div class=\"products-module__wrapper-items-item-image\">\n                        <img loading=\"lazy\" decoding=\"async\" width=\"511\" height=\"446\" src=\"https:\/\/mafal.eu\/wp-content\/uploads\/2025\/08\/SENNA_MAFAL_1-511x446.webp\" class=\"attachment-custom-size size-custom-size wp-post-image\" alt=\"\" \/>                    <\/div>\n                    <div class=\"products-module__wrapper-items-item-text\">\n                        <div class=\"products-module__wrapper-items-item-text-title\">\n                            SENNA                        <\/div>\n                        <div class=\"products-module__wrapper-items-item-text-icon\">\n                            <svg xmlns=\"http:\/\/www.w3.org\/2000\/svg\" width=\"30\" height=\"24\" viewBox=\"0 0 30 24\" fill=\"none\">\n                                <path d=\"M17.4215 5L25.8764 12M25.8764 12L17.4215 19M25.8764 12L4.13525 12\" stroke=\"#060D11\" stroke-width=\"2\" stroke-linecap=\"round\" stroke-linejoin=\"round\" \/>\n                            <\/svg>\n                        <\/div>\n                    <\/div>\n                <\/a>\n                            <a href=\"https:\/\/mafal.eu\/pl\/produkt\/schumacher\/\" class=\"products-module__wrapper-items-item\">\n                    <div class=\"products-module__wrapper-items-item-image\">\n                        <img loading=\"lazy\" decoding=\"async\" width=\"511\" height=\"446\" src=\"https:\/\/mafal.eu\/wp-content\/uploads\/2025\/08\/SCHUMACHER_MAFAL_1-511x446.webp\" class=\"attachment-custom-size size-custom-size wp-post-image\" alt=\"\" \/>                    <\/div>\n                    <div class=\"products-module__wrapper-items-item-text\">\n                        <div class=\"products-module__wrapper-items-item-text-title\">\n                            SCHUMACHER                        <\/div>\n                        <div class=\"products-module__wrapper-items-item-text-icon\">\n                            <svg xmlns=\"http:\/\/www.w3.org\/2000\/svg\" width=\"30\" height=\"24\" viewBox=\"0 0 30 24\" fill=\"none\">\n                                <path d=\"M17.4215 5L25.8764 12M25.8764 12L17.4215 19M25.8764 12L4.13525 12\" stroke=\"#060D11\" stroke-width=\"2\" stroke-linecap=\"round\" stroke-linejoin=\"round\" \/>\n                            <\/svg>\n                        <\/div>\n                    <\/div>\n                <\/a>\n                            <a href=\"https:\/\/mafal.eu\/pl\/produkt\/rossi\/\" class=\"products-module__wrapper-items-item\">\n                    <div class=\"products-module__wrapper-items-item-image\">\n                        <img loading=\"lazy\" decoding=\"async\" width=\"511\" height=\"446\" src=\"https:\/\/mafal.eu\/wp-content\/uploads\/2025\/08\/ROSSI_MAFAL_1-511x446.webp\" class=\"attachment-custom-size size-custom-size wp-post-image\" alt=\"\" \/>                    <\/div>\n                    <div class=\"products-module__wrapper-items-item-text\">\n                        <div class=\"products-module__wrapper-items-item-text-title\">\n                            ROSSI                        <\/div>\n                        <div class=\"products-module__wrapper-items-item-text-icon\">\n                            <svg xmlns=\"http:\/\/www.w3.org\/2000\/svg\" width=\"30\" height=\"24\" viewBox=\"0 0 30 24\" fill=\"none\">\n                                <path d=\"M17.4215 5L25.8764 12M25.8764 12L17.4215 19M25.8764 12L4.13525 12\" stroke=\"#060D11\" stroke-width=\"2\" stroke-linecap=\"round\" stroke-linejoin=\"round\" \/>\n                            <\/svg>\n                        <\/div>\n                    <\/div>\n                <\/a>\n                            <a href=\"https:\/\/mafal.eu\/pl\/produkt\/rosberg\/\" class=\"products-module__wrapper-items-item\">\n                    <div class=\"products-module__wrapper-items-item-image\">\n                        <img loading=\"lazy\" decoding=\"async\" width=\"511\" height=\"446\" src=\"https:\/\/mafal.eu\/wp-content\/uploads\/2025\/08\/ROSBERG_MAFAL-511x446.webp\" class=\"attachment-custom-size size-custom-size wp-post-image\" alt=\"\" \/>                    <\/div>\n                    <div class=\"products-module__wrapper-items-item-text\">\n                        <div class=\"products-module__wrapper-items-item-text-title\">\n                            ROSBERG                        <\/div>\n                        <div class=\"products-module__wrapper-items-item-text-icon\">\n                            <svg xmlns=\"http:\/\/www.w3.org\/2000\/svg\" width=\"30\" height=\"24\" viewBox=\"0 0 30 24\" fill=\"none\">\n                                <path d=\"M17.4215 5L25.8764 12M25.8764 12L17.4215 19M25.8764 12L4.13525 12\" stroke=\"#060D11\" stroke-width=\"2\" stroke-linecap=\"round\" stroke-linejoin=\"round\" \/>\n                            <\/svg>\n                        <\/div>\n                    <\/div>\n                <\/a>\n                            <a href=\"https:\/\/mafal.eu\/pl\/produkt\/prost\/\" class=\"products-module__wrapper-items-item\">\n                    <div class=\"products-module__wrapper-items-item-image\">\n                        <img loading=\"lazy\" decoding=\"async\" width=\"511\" height=\"446\" src=\"https:\/\/mafal.eu\/wp-content\/uploads\/2025\/08\/PROST_MAFAL_1-511x446.webp\" class=\"attachment-custom-size size-custom-size wp-post-image\" alt=\"\" \/>                    <\/div>\n                    <div class=\"products-module__wrapper-items-item-text\">\n                        <div class=\"products-module__wrapper-items-item-text-title\">\n                            PROST                        <\/div>\n                        <div class=\"products-module__wrapper-items-item-text-icon\">\n                            <svg xmlns=\"http:\/\/www.w3.org\/2000\/svg\" width=\"30\" height=\"24\" viewBox=\"0 0 30 24\" fill=\"none\">\n                                <path d=\"M17.4215 5L25.8764 12M25.8764 12L17.4215 19M25.8764 12L4.13525 12\" stroke=\"#060D11\" stroke-width=\"2\" stroke-linecap=\"round\" stroke-linejoin=\"round\" \/>\n                            <\/svg>\n                        <\/div>\n                    <\/div>\n                <\/a>\n                            <a href=\"https:\/\/mafal.eu\/pl\/produkt\/pedrosa\/\" class=\"products-module__wrapper-items-item\">\n                    <div class=\"products-module__wrapper-items-item-image\">\n                        <img loading=\"lazy\" decoding=\"async\" width=\"511\" height=\"446\" src=\"https:\/\/mafal.eu\/wp-content\/uploads\/2025\/08\/PEDROSA_MAFAL_1-511x446.webp\" class=\"attachment-custom-size size-custom-size wp-post-image\" alt=\"\" \/>                    <\/div>\n                    <div class=\"products-module__wrapper-items-item-text\">\n                        <div class=\"products-module__wrapper-items-item-text-title\">\n                            PEDROSA                        <\/div>\n                        <div class=\"products-module__wrapper-items-item-text-icon\">\n                            <svg xmlns=\"http:\/\/www.w3.org\/2000\/svg\" width=\"30\" height=\"24\" viewBox=\"0 0 30 24\" fill=\"none\">\n                                <path d=\"M17.4215 5L25.8764 12M25.8764 12L17.4215 19M25.8764 12L4.13525 12\" stroke=\"#060D11\" stroke-width=\"2\" stroke-linecap=\"round\" stroke-linejoin=\"round\" \/>\n                            <\/svg>\n                        <\/div>\n                    <\/div>\n                <\/a>\n                            <a href=\"https:\/\/mafal.eu\/pl\/produkt\/marquez\/\" class=\"products-module__wrapper-items-item\">\n                    <div class=\"products-module__wrapper-items-item-image\">\n                        <img loading=\"lazy\" decoding=\"async\" width=\"511\" height=\"446\" src=\"https:\/\/mafal.eu\/wp-content\/uploads\/2025\/08\/MARQUEZ_MAFAL_1-511x446.webp\" class=\"attachment-custom-size size-custom-size wp-post-image\" alt=\"\" \/>                    <\/div>\n                    <div class=\"products-module__wrapper-items-item-text\">\n                        <div class=\"products-module__wrapper-items-item-text-title\">\n                            MARQUEZ                        <\/div>\n                        <div class=\"products-module__wrapper-items-item-text-icon\">\n                            <svg xmlns=\"http:\/\/www.w3.org\/2000\/svg\" width=\"30\" height=\"24\" viewBox=\"0 0 30 24\" fill=\"none\">\n                                <path d=\"M17.4215 5L25.8764 12M25.8764 12L17.4215 19M25.8764 12L4.13525 12\" stroke=\"#060D11\" stroke-width=\"2\" stroke-linecap=\"round\" stroke-linejoin=\"round\" \/>\n                            <\/svg>\n                        <\/div>\n                    <\/div>\n                <\/a>\n                            <a href=\"https:\/\/mafal.eu\/pl\/produkt\/mansel\/\" class=\"products-module__wrapper-items-item\">\n                    <div class=\"products-module__wrapper-items-item-image\">\n                        <img loading=\"lazy\" decoding=\"async\" width=\"511\" height=\"446\" src=\"https:\/\/mafal.eu\/wp-content\/uploads\/2025\/08\/MANSEL_MAFAL_1-511x446.webp\" class=\"attachment-custom-size size-custom-size wp-post-image\" alt=\"\" \/>                    <\/div>\n                    <div class=\"products-module__wrapper-items-item-text\">\n                        <div class=\"products-module__wrapper-items-item-text-title\">\n                            MANSEL                        <\/div>\n                        <div class=\"products-module__wrapper-items-item-text-icon\">\n                            <svg xmlns=\"http:\/\/www.w3.org\/2000\/svg\" width=\"30\" height=\"24\" viewBox=\"0 0 30 24\" fill=\"none\">\n                                <path d=\"M17.4215 5L25.8764 12M25.8764 12L17.4215 19M25.8764 12L4.13525 12\" stroke=\"#060D11\" stroke-width=\"2\" stroke-linecap=\"round\" stroke-linejoin=\"round\" \/>\n                            <\/svg>\n                        <\/div>\n                    <\/div>\n                <\/a>\n                            <a href=\"https:\/\/mafal.eu\/pl\/produkt\/kubica\/\" class=\"products-module__wrapper-items-item\">\n                    <div class=\"products-module__wrapper-items-item-image\">\n                        <img loading=\"lazy\" decoding=\"async\" width=\"511\" height=\"446\" src=\"https:\/\/mafal.eu\/wp-content\/uploads\/2025\/08\/KUBICA_MAFAL_1-511x446.webp\" class=\"attachment-custom-size size-custom-size wp-post-image\" alt=\"\" \/>                    <\/div>\n                    <div class=\"products-module__wrapper-items-item-text\">\n                        <div class=\"products-module__wrapper-items-item-text-title\">\n                            KUBICA                        <\/div>\n                        <div class=\"products-module__wrapper-items-item-text-icon\">\n                            <svg xmlns=\"http:\/\/www.w3.org\/2000\/svg\" width=\"30\" height=\"24\" viewBox=\"0 0 30 24\" fill=\"none\">\n                                <path d=\"M17.4215 5L25.8764 12M25.8764 12L17.4215 19M25.8764 12L4.13525 12\" stroke=\"#060D11\" stroke-width=\"2\" stroke-linecap=\"round\" stroke-linejoin=\"round\" \/>\n                            <\/svg>\n                        <\/div>\n                    <\/div>\n                <\/a>\n                    <\/div>\n\n                                                <nav class=\"products-module__pagination\">\n                    <ul>\n                                                    <li><span aria-current=\"page\" class=\"page-numbers current\">1<\/span><\/li>\n                                                    <li><a class=\"page-numbers\" href=\"https:\/\/mafal.eu\/pl\/wp-json\/wp\/v2\/pages\/25\/page\/2\/\">2<\/a><\/li>\n                                                    <li><a class=\"next page-numbers\" href=\"https:\/\/mafal.eu\/pl\/wp-json\/wp\/v2\/pages\/25\/page\/2\/\"><\/a><\/li>\n                                            <\/ul>\n                <\/nav>\n                                <\/div>\n<\/section>\n\n\n<section class=\"configurator mb-0 wp-block-uniquedevs-configurator\">\n    <div class=\"configurator__wrapper\">\n        <div class=\"configurator__wrapper-marque\">\n                                <\/div>\n        <div class=\"configurator__wrapper-content\">\n            <div class=\"configurator__wrapper-content-wrapper\">\n                <div class=\"configurator__wrapper-content-wrapper-text\">\n                                            <h2 class=\"configurator__wrapper-content-wrapper-text-title\">\n                            Skonfiguruj<br><mark style=\"background-color:rgba(0, 0, 0, 0);color:#ffffff\" class=\"has-inline-color\">sw\u00f3j produkt<\/mark>                        <\/h2>\n                    \n                                            <div class=\"configurator__wrapper-content-wrapper-text-description\">\n                            intuicyjny, szybki i wygodny konfigurator stworzony z my\u015bl\u0105 \u2028o kliencie indywidualnym.                        <\/div>\n                    \n                                            <div class=\"configurator__wrapper-content-wrapper-text-list\">\n                            <ul>\n                                                                    <li>Wybierz model \u2013 domek narz\u0119dziowy, wiat\u0119, akcesoria.<\/li>\n                                                                    <li>Dopasuj parametry \u2013 wymiary, kolor, rodzaj wyko\u0144czenia.<\/li>\n                                                                    <li>Uzyskaj wizualizacj\u0119 3D i wycen\u0119 \u2013 na bie\u017c\u0105co!<\/li>\n                                                                    <li>Z\u0142\u00f3\u017c zapytanie \u2013 automatycznie prze\u015blij projekt do doradcy.<\/li>\n                                                            <\/ul>\n                        <\/div>\n                    \n                                            <a href=\"https:\/\/mafal.visualconfig.com\/\" class=\"configurator__wrapper-content-wrapper-text-button\">\n                            Przejd\u017a do konfiguratora                        <\/a>\n                                    <\/div>\n\n                <div class=\"configurator__wrapper-content-wrapper-image\">\n                                            <img decoding=\"async\" src=\"https:\/\/mafal.eu\/wp-content\/uploads\/2025\/08\/zuluna-mock-1.webp\" alt=\"\" \/>\n                                    <\/div>\n            <\/div>\n        <\/div>\n    <\/div>\n<\/section>\n","protected":false},"excerpt":{"rendered":"","protected":false},"author":1,"featured_media":0,"parent":0,"menu_order":0,"comment_status":"closed","ping_status":"closed","template":"","meta":{"footnotes":""},"class_list":["post-25","page","type-page","status-publish","hentry"],"_links":{"self":[{"href":"https:\/\/mafal.eu\/pl\/wp-json\/wp\/v2\/pages\/25","targetHints":{"allow":["GET"]}}],"collection":[{"href":"https:\/\/mafal.eu\/pl\/wp-json\/wp\/v2\/pages"}],"about":[{"href":"https:\/\/mafal.eu\/pl\/wp-json\/wp\/v2\/types\/page"}],"author":[{"embeddable":true,"href":"https:\/\/mafal.eu\/pl\/wp-json\/wp\/v2\/users\/1"}],"replies":[{"embeddable":true,"href":"https:\/\/mafal.eu\/pl\/wp-json\/wp\/v2\/comments?post=25"}],"version-history":[{"count":12,"href":"https:\/\/mafal.eu\/pl\/wp-json\/wp\/v2\/pages\/25\/revisions"}],"predecessor-version":[{"id":1582,"href":"https:\/\/mafal.eu\/pl\/wp-json\/wp\/v2\/pages\/25\/revisions\/1582"}],"wp:attachment":[{"href":"https:\/\/mafal.eu\/pl\/wp-json\/wp\/v2\/media?parent=25"}],"curies":[{"name":"wp","href":"https:\/\/api.w.org\/{rel}","templated":true}]}}