{"id":163,"date":"2025-08-08T08:57:18","date_gmt":"2025-08-08T06:57:18","guid":{"rendered":"https:\/\/mafal.eu\/?post_type=product&#038;p=163"},"modified":"2025-11-17T13:50:36","modified_gmt":"2025-11-17T12:50:36","slug":"kubica","status":"publish","type":"product","link":"https:\/\/mafal.eu\/pl\/produkt\/kubica\/","title":{"rendered":"KUBICA"},"content":{"rendered":"\n<p>Ten <strong>nowoczesny domek ogrodowy<\/strong> \u015bwietnie sprawdzi si\u0119 jako schowek na narz\u0119dzia, miejsce do przechowywania sprz\u0119tu ogrodowego lub stylowa przestrze\u0144 rekreacyjna. Wysoka jako\u015b\u0107 materia\u0142\u00f3w i solidne wykonanie gwarantuj\u0105 trwa\u0142o\u015b\u0107 przez wiele lat, bez konieczno\u015bci cz\u0119stej konserwacji.<\/p>\n\n\n\n<p><strong>Najwa\u017cniejsze cechy domku KUBICA :<\/strong><\/p>\n\n\n\n<ul class=\"wp-block-list\">\n<li>Nowoczesny wygl\u0105d w stylu skandynawskim<\/li>\n\n\n\n<li>Poziome panele w eleganckim kolorze antracytowym<\/li>\n\n\n\n<li>Pionowe drewniane lamele dodaj\u0105ce lekko\u015bci i naturalnego charakteru<\/li>\n\n\n\n<li>Trwa\u0142a konstrukcja odporna na warunki atmosferyczne<\/li>\n\n\n\n<li>Idealny do ka\u017cdego typu ogrodu \u2013 klasycznego i nowoczesnego<\/li>\n<\/ul>\n\n\n\n<p>Zainwestuj w design i funkcjonalno\u015b\u0107 \u2013 wybierz <strong>KUBICA<\/strong> i stw\u00f3rz wyj\u0105tkow\u0105 przestrze\u0144 w swoim ogrodzie!<\/p>\n","protected":false},"excerpt":{"rendered":"<p><strong>Nowoczesny domek ogrodowy KUBICA \u2013 elegancja i funkcjonalno\u015b\u0107 w Twoim ogrodzie<\/strong> Szukasz stylowego, trwa\u0142ego i funkcjonalnego rozwi\u0105zania do swojego ogrodu? <strong>Domek ogrodowy KUBICA<\/strong> to idealne po\u0142\u0105czenie nowoczesnego designu i praktyczno\u015bci. Wyr\u00f3\u017cnia si\u0119 minimalistyczn\u0105 form\u0105, antracytowym wyko\u0144czeniem z poziomym deskowaniem oraz eleganckim akcentem z naturalnego drewna w postaci pionowych lameli.<\/p>\n","protected":false},"featured_media":182,"template":"","meta":[],"product_brand":[],"product_cat":[18],"product_tag":[],"class_list":{"0":"post-163","1":"product","2":"type-product","3":"status-publish","4":"has-post-thumbnail","6":"product_cat-domki-narzedziowe","8":"first","9":"instock","10":"sold-individually","11":"taxable","12":"shipping-taxable","13":"purchasable","14":"product-type-simple"},"_links":{"self":[{"href":"https:\/\/mafal.eu\/pl\/wp-json\/wp\/v2\/product\/163","targetHints":{"allow":["GET"]}}],"collection":[{"href":"https:\/\/mafal.eu\/pl\/wp-json\/wp\/v2\/product"}],"about":[{"href":"https:\/\/mafal.eu\/pl\/wp-json\/wp\/v2\/types\/product"}],"wp:featuredmedia":[{"embeddable":true,"href":"https:\/\/mafal.eu\/pl\/wp-json\/wp\/v2\/media\/182"}],"wp:attachment":[{"href":"https:\/\/mafal.eu\/pl\/wp-json\/wp\/v2\/media?parent=163"}],"wp:term":[{"taxonomy":"product_brand","embeddable":true,"href":"https:\/\/mafal.eu\/pl\/wp-json\/wp\/v2\/product_brand?post=163"},{"taxonomy":"product_cat","embeddable":true,"href":"https:\/\/mafal.eu\/pl\/wp-json\/wp\/v2\/product_cat?post=163"},{"taxonomy":"product_tag","embeddable":true,"href":"https:\/\/mafal.eu\/pl\/wp-json\/wp\/v2\/product_tag?post=163"}],"curies":[{"name":"wp","href":"https:\/\/api.w.org\/{rel}","templated":true}]}}