{"id":1683,"date":"2025-12-09T06:53:46","date_gmt":"2025-12-09T05:53:46","guid":{"rendered":"https:\/\/mafal.eu\/product\/bottas\/"},"modified":"2025-12-09T09:39:25","modified_gmt":"2025-12-09T08:39:25","slug":"bottas","status":"publish","type":"product","link":"https:\/\/mafal.eu\/pl\/produkt\/bottas\/","title":{"rendered":"BOTTAS"},"content":{"rendered":"\n<p><strong>BOTTAS<\/strong> to metalowa altana ogrodowa \/ pawilon ogrodowy o solidnej konstrukcji i przemy\u015blanym wyko\u0144czeniu.<\/p>\n\n\n\n<h3 class=\"wp-block-heading\">G\u0142\u00f3wne cechy<\/h3>\n\n\n\n<ul class=\"wp-block-list\">\n<li>Konstrukcja z blachy o grubo\u015bci <strong>0,5 mm<\/strong> \u2014 zapewnia trwa\u0142o\u015b\u0107, stabilno\u015b\u0107 i odporno\u015b\u0107 na warunki atmosferyczne.<br><\/li>\n\n\n\n<li>Wymiary \u015bciany: <strong>500 \u00d7 400 cm<\/strong>; wysoko\u015b\u0107 prz\u00f3d\/ty\u0142: <strong>240 cm \/ 220 cm<\/strong> \u2014 co daje wygodn\u0105 przestrze\u0144 wewn\u0105trz altany.<\/li>\n\n\n\n<li>Kolorystyka: <strong>RAL 8019<\/strong>\u00a0\u201eczekoladowy br\u0105z&#8221;<\/li>\n\n\n\n<li>W wyposa\u017ceniu: <strong>pod\u0142oga<\/strong>, co zwi\u0119ksza komfort u\u017cytkowania \u2014 np. jako przestrzeni do relaksu lub miejsca do przechowywania.<br><\/li>\n\n\n\n<li>Altana wyposa\u017cona w rynn\u0119 \u2014 co pomaga w odprowadzaniu wody opadowej.<br><\/li>\n\n\n\n<li>Drzwi: rozmiary <strong>300 \u00d7 212 cm<\/strong> lub <strong>200 \u00d7 212 cm<\/strong>, co umo\u017cliwia wygodny dost\u0119p.<br><\/li>\n<\/ul>\n\n\n\n<h3 class=\"wp-block-heading\">&nbsp;Zalety i przeznaczenie<\/h3>\n\n\n\n<ul class=\"wp-block-list\">\n<li>Dzi\u0119ki metalowej konstrukcji BOTTAS \u0142\u0105czy <strong>nowoczesny wygl\u0105d z trwa\u0142o\u015bci\u0105<\/strong> \u2014 dobr\u0105 alternatyw\u0105 wobec altan drewnianych. W przeciwie\u0144stwie do lekkich pawilon\u00f3w bez pod\u0142ogi, daje bardziej stabiln\u0105 i trwa\u0142\u0105 przestrze\u0144.<\/li>\n\n\n\n<li>Du\u017ca powierzchnia i solidna pod\u0142oga sprawiaj\u0105, \u017ce altana mo\u017ce by\u0107 wykorzystana jako <strong>miejsce relaksu<\/strong>, altana do ogrodu, przestrze\u0144 do spotka\u0144, a tak\u017ce \u2014 je\u015bli zechcesz \u2014 jako praktyczna przestrze\u0144 do przechowywania narz\u0119dzi lub sprz\u0119tu ogrodowego.<\/li>\n\n\n\n<li>Czekoladowy br\u0105z dobrze integruje si\u0119 z ogrodow\u0105 zieleni\u0105 i nadaje przestrzeni elegancki, stonowany charakter.<\/li>\n<\/ul>\n","protected":false},"excerpt":{"rendered":"<p>BOTTAS to metalowa altana ogrodowa \/ pawilon ogrodowy o solidnej konstrukcji i przemy\u015blanym wyko\u0144czeniu. G\u0142\u00f3wne cechy &nbsp;Zalety i przeznaczenie<\/p>\n","protected":false},"featured_media":1644,"template":"","meta":[],"product_brand":[],"product_cat":[],"product_tag":[],"class_list":{"0":"post-1683","1":"product","2":"type-product","3":"status-publish","4":"has-post-thumbnail","7":"first","8":"onbackorder","9":"sold-individually","10":"taxable","11":"shipping-taxable","12":"product-type-simple"},"_links":{"self":[{"href":"https:\/\/mafal.eu\/pl\/wp-json\/wp\/v2\/product\/1683","targetHints":{"allow":["GET"]}}],"collection":[{"href":"https:\/\/mafal.eu\/pl\/wp-json\/wp\/v2\/product"}],"about":[{"href":"https:\/\/mafal.eu\/pl\/wp-json\/wp\/v2\/types\/product"}],"wp:featuredmedia":[{"embeddable":true,"href":"https:\/\/mafal.eu\/pl\/wp-json\/wp\/v2\/media\/1644"}],"wp:attachment":[{"href":"https:\/\/mafal.eu\/pl\/wp-json\/wp\/v2\/media?parent=1683"}],"wp:term":[{"taxonomy":"product_brand","embeddable":true,"href":"https:\/\/mafal.eu\/pl\/wp-json\/wp\/v2\/product_brand?post=1683"},{"taxonomy":"product_cat","embeddable":true,"href":"https:\/\/mafal.eu\/pl\/wp-json\/wp\/v2\/product_cat?post=1683"},{"taxonomy":"product_tag","embeddable":true,"href":"https:\/\/mafal.eu\/pl\/wp-json\/wp\/v2\/product_tag?post=1683"}],"curies":[{"name":"wp","href":"https:\/\/api.w.org\/{rel}","templated":true}]}}